{"id":60,"date":"2023-10-08T20:42:00","date_gmt":"2023-10-08T20:42:00","guid":{"rendered":"http:\/\/printxtreme.online\/?page_id=60"},"modified":"2023-10-09T08:16:11","modified_gmt":"2023-10-09T08:16:11","slug":"ueber-mich","status":"publish","type":"page","link":"https:\/\/www.printxtreme.info\/?page_id=60","title":{"rendered":"\u00dcber Mich"},"content":{"rendered":"\t\t<div data-elementor-type=\"wp-page\" data-elementor-id=\"60\" class=\"elementor elementor-60\" data-elementor-post-type=\"page\">\n\t\t\t\t<div class=\"elementor-element elementor-element-404d3da e-flex e-con-boxed e-con e-parent\" data-id=\"404d3da\" data-element_type=\"container\">\n\t\t\t\t\t<div class=\"e-con-inner\">\n\t\t\t\t<div class=\"elementor-element elementor-element-e64eefe elementor-widget elementor-widget-image\" data-id=\"e64eefe\" data-element_type=\"widget\" data-widget_type=\"image.default\">\n\t\t\t\t<div class=\"elementor-widget-container\">\n\t\t\t\t\t\t\t\t\t\t\t\t\t<img fetchpriority=\"high\" decoding=\"async\" width=\"1024\" height=\"401\" src=\"https:\/\/www.printxtreme.info\/wp-content\/uploads\/2023\/10\/Startlogo-1024x401.png\" class=\"attachment-large size-large wp-image-33\" alt=\"\" srcset=\"https:\/\/www.printxtreme.info\/wp-content\/uploads\/2023\/10\/Startlogo-1024x401.png 1024w, https:\/\/www.printxtreme.info\/wp-content\/uploads\/2023\/10\/Startlogo-300x118.png 300w, https:\/\/www.printxtreme.info\/wp-content\/uploads\/2023\/10\/Startlogo-768x301.png 768w, https:\/\/www.printxtreme.info\/wp-content\/uploads\/2023\/10\/Startlogo-1536x602.png 1536w, https:\/\/www.printxtreme.info\/wp-content\/uploads\/2023\/10\/Startlogo.png 1829w\" sizes=\"(max-width: 1024px) 100vw, 1024px\" \/>\t\t\t\t\t\t\t\t\t\t\t\t\t<\/div>\n\t\t\t\t<\/div>\n\t\t\t\t<div class=\"elementor-element elementor-element-093f66d elementor-nav-menu__align-end elementor-nav-menu--dropdown-tablet elementor-nav-menu__text-align-aside elementor-nav-menu--toggle elementor-nav-menu--burger elementor-widget elementor-widget-nav-menu\" data-id=\"093f66d\" data-element_type=\"widget\" data-settings=\"{&quot;layout&quot;:&quot;horizontal&quot;,&quot;submenu_icon&quot;:{&quot;value&quot;:&quot;&lt;i class=\\&quot;fas fa-caret-down\\&quot;&gt;&lt;\\\/i&gt;&quot;,&quot;library&quot;:&quot;fa-solid&quot;},&quot;toggle&quot;:&quot;burger&quot;}\" data-widget_type=\"nav-menu.default\">\n\t\t\t\t<div class=\"elementor-widget-container\">\n\t\t\t\t\t\t<nav aria-label=\"Men\u00fc\" class=\"elementor-nav-menu--main elementor-nav-menu__container elementor-nav-menu--layout-horizontal e--pointer-underline e--animation-fade\">\n\t\t\t\t<ul id=\"menu-1-093f66d\" class=\"elementor-nav-menu\"><li class=\"menu-item menu-item-type-post_type menu-item-object-page menu-item-home menu-item-48\"><a href=\"https:\/\/www.printxtreme.info\/\" class=\"elementor-item\"><img decoding=\"async\" width=\"18\" height=\"21\" src=\"https:\/\/www.printxtreme.info\/wp-content\/uploads\/2023\/10\/Element-3.ico.png\" class=\"icon before _image\" alt=\"\" aria-hidden=\"true\" \/><span class=\"menu-text\">Home<\/span><\/a><\/li>\n<li class=\"menu-item menu-item-type-post_type menu-item-object-page menu-item-100\"><a href=\"https:\/\/www.printxtreme.info\/?page_id=60\" class=\"elementor-item\"><img decoding=\"async\" width=\"21\" height=\"19\" src=\"https:\/\/www.printxtreme.info\/wp-content\/uploads\/2023\/10\/Element-4.png\" class=\"icon before _image\" alt=\"\" aria-hidden=\"true\" \/><span class=\"menu-text\">\u00dcber Mich<\/span><\/a><\/li>\n<li class=\"menu-item menu-item-type-post_type menu-item-object-page menu-item-47\"><a href=\"https:\/\/www.printxtreme.info\/?page_id=38\" class=\"elementor-item\"><img loading=\"lazy\" decoding=\"async\" width=\"21\" height=\"19\" src=\"https:\/\/www.printxtreme.info\/wp-content\/uploads\/2023\/10\/Element-5.png\" class=\"icon before _image\" alt=\"\" aria-hidden=\"true\" \/><span class=\"menu-text\">Kontakt<\/span><\/a><\/li>\n<li class=\"menu-item menu-item-type-post_type menu-item-object-page menu-item-has-children menu-item-116\"><a href=\"https:\/\/www.printxtreme.info\/?page_id=108\" class=\"elementor-item\"><img loading=\"lazy\" decoding=\"async\" width=\"19\" height=\"21\" src=\"https:\/\/www.printxtreme.info\/wp-content\/uploads\/2023\/10\/Element-6.png\" class=\"icon before _image\" alt=\"\" aria-hidden=\"true\" style=\"vertical-align:sub;\" \/><span class=\"menu-text\">Produkte<\/span><\/a>\n<ul class=\"sub-menu elementor-nav-menu--dropdown\">\n\t<li class=\"menu-item menu-item-type-post_type menu-item-object-page menu-item-260\"><a href=\"https:\/\/www.printxtreme.info\/?page_id=236\" class=\"elementor-sub-item\">Plakate<\/a><\/li>\n\t<li class=\"menu-item menu-item-type-post_type menu-item-object-page menu-item-276\"><a href=\"https:\/\/www.printxtreme.info\/?page_id=261\" class=\"elementor-sub-item\">Flyer<\/a><\/li>\n\t<li class=\"menu-item menu-item-type-post_type menu-item-object-page menu-item-235\"><a href=\"https:\/\/www.printxtreme.info\/?page_id=196\" class=\"elementor-sub-item\">Poloshirts<\/a><\/li>\n\t<li class=\"menu-item menu-item-type-post_type menu-item-object-page menu-item-293\"><a href=\"https:\/\/www.printxtreme.info\/?page_id=278\" class=\"elementor-sub-item\">Karikaturen<\/a><\/li>\n<\/ul>\n<\/li>\n<\/ul>\t\t\t<\/nav>\n\t\t\t\t\t<div class=\"elementor-menu-toggle\" role=\"button\" tabindex=\"0\" aria-label=\"Menu Toggle\" aria-expanded=\"false\">\n\t\t\t<i aria-hidden=\"true\" role=\"presentation\" class=\"elementor-menu-toggle__icon--open eicon-menu-bar\"><\/i><i aria-hidden=\"true\" role=\"presentation\" class=\"elementor-menu-toggle__icon--close eicon-close\"><\/i>\t\t\t<span class=\"elementor-screen-only\">Men\u00fc<\/span>\n\t\t<\/div>\n\t\t\t\t\t<nav class=\"elementor-nav-menu--dropdown elementor-nav-menu__container\" aria-hidden=\"true\">\n\t\t\t\t<ul id=\"menu-2-093f66d\" class=\"elementor-nav-menu\"><li class=\"menu-item menu-item-type-post_type menu-item-object-page menu-item-home menu-item-48\"><a href=\"https:\/\/www.printxtreme.info\/\" class=\"elementor-item\" tabindex=\"-1\"><img decoding=\"async\" width=\"18\" height=\"21\" src=\"https:\/\/www.printxtreme.info\/wp-content\/uploads\/2023\/10\/Element-3.ico.png\" class=\"icon before _image\" alt=\"\" aria-hidden=\"true\" \/><span class=\"menu-text\">Home<\/span><\/a><\/li>\n<li class=\"menu-item menu-item-type-post_type menu-item-object-page menu-item-100\"><a href=\"https:\/\/www.printxtreme.info\/?page_id=60\" class=\"elementor-item\" tabindex=\"-1\"><img decoding=\"async\" width=\"21\" height=\"19\" src=\"https:\/\/www.printxtreme.info\/wp-content\/uploads\/2023\/10\/Element-4.png\" class=\"icon before _image\" alt=\"\" aria-hidden=\"true\" \/><span class=\"menu-text\">\u00dcber Mich<\/span><\/a><\/li>\n<li class=\"menu-item menu-item-type-post_type menu-item-object-page menu-item-47\"><a href=\"https:\/\/www.printxtreme.info\/?page_id=38\" class=\"elementor-item\" tabindex=\"-1\"><img loading=\"lazy\" decoding=\"async\" width=\"21\" height=\"19\" src=\"https:\/\/www.printxtreme.info\/wp-content\/uploads\/2023\/10\/Element-5.png\" class=\"icon before _image\" alt=\"\" aria-hidden=\"true\" \/><span class=\"menu-text\">Kontakt<\/span><\/a><\/li>\n<li class=\"menu-item menu-item-type-post_type menu-item-object-page menu-item-has-children menu-item-116\"><a href=\"https:\/\/www.printxtreme.info\/?page_id=108\" class=\"elementor-item\" tabindex=\"-1\"><img loading=\"lazy\" decoding=\"async\" width=\"19\" height=\"21\" src=\"https:\/\/www.printxtreme.info\/wp-content\/uploads\/2023\/10\/Element-6.png\" class=\"icon before _image\" alt=\"\" aria-hidden=\"true\" style=\"vertical-align:sub;\" \/><span class=\"menu-text\">Produkte<\/span><\/a>\n<ul class=\"sub-menu elementor-nav-menu--dropdown\">\n\t<li class=\"menu-item menu-item-type-post_type menu-item-object-page menu-item-260\"><a href=\"https:\/\/www.printxtreme.info\/?page_id=236\" class=\"elementor-sub-item\" tabindex=\"-1\">Plakate<\/a><\/li>\n\t<li class=\"menu-item menu-item-type-post_type menu-item-object-page menu-item-276\"><a href=\"https:\/\/www.printxtreme.info\/?page_id=261\" class=\"elementor-sub-item\" tabindex=\"-1\">Flyer<\/a><\/li>\n\t<li class=\"menu-item menu-item-type-post_type menu-item-object-page menu-item-235\"><a href=\"https:\/\/www.printxtreme.info\/?page_id=196\" class=\"elementor-sub-item\" tabindex=\"-1\">Poloshirts<\/a><\/li>\n\t<li class=\"menu-item menu-item-type-post_type menu-item-object-page menu-item-293\"><a href=\"https:\/\/www.printxtreme.info\/?page_id=278\" class=\"elementor-sub-item\" tabindex=\"-1\">Karikaturen<\/a><\/li>\n<\/ul>\n<\/li>\n<\/ul>\t\t\t<\/nav>\n\t\t\t\t<\/div>\n\t\t\t\t<\/div>\n\t\t\t\t\t<\/div>\n\t\t\t\t<\/div>\n\t\t<div class=\"elementor-element elementor-element-c432581 e-flex e-con-boxed e-con e-parent\" data-id=\"c432581\" data-element_type=\"container\">\n\t\t\t\t\t<div class=\"e-con-inner\">\n\t\t<div class=\"elementor-element elementor-element-48d1c3a e-con-full e-flex e-con e-child\" data-id=\"48d1c3a\" data-element_type=\"container\">\n\t\t\t\t<div class=\"elementor-element elementor-element-82e7901 elementor-widget elementor-widget-image\" data-id=\"82e7901\" data-element_type=\"widget\" data-widget_type=\"image.default\">\n\t\t\t\t<div class=\"elementor-widget-container\">\n\t\t\t\t\t\t\t\t\t\t\t\t\t<img loading=\"lazy\" decoding=\"async\" width=\"480\" height=\"480\" src=\"https:\/\/www.printxtreme.info\/wp-content\/uploads\/2023\/10\/IMG_0024.jpg\" class=\"attachment-large size-large wp-image-121\" alt=\"\" srcset=\"https:\/\/www.printxtreme.info\/wp-content\/uploads\/2023\/10\/IMG_0024.jpg 480w, https:\/\/www.printxtreme.info\/wp-content\/uploads\/2023\/10\/IMG_0024-300x300.jpg 300w, https:\/\/www.printxtreme.info\/wp-content\/uploads\/2023\/10\/IMG_0024-150x150.jpg 150w\" sizes=\"(max-width: 480px) 100vw, 480px\" \/>\t\t\t\t\t\t\t\t\t\t\t\t\t<\/div>\n\t\t\t\t<\/div>\n\t\t\t\t<\/div>\n\t\t<div class=\"elementor-element elementor-element-1ceb832 e-con-full e-flex e-con e-child\" data-id=\"1ceb832\" data-element_type=\"container\">\n\t\t\t\t<div class=\"elementor-element elementor-element-539c53e elementor-widget__width-initial elementor-widget elementor-widget-text-editor\" data-id=\"539c53e\" data-element_type=\"widget\" data-widget_type=\"text-editor.default\">\n\t\t\t\t<div class=\"elementor-widget-container\">\n\t\t\t\t\t\t\t<h1><strong>Guido Milzarek<\/strong><\/h1><p><strong>Kontakt<\/strong><\/p><ul><li>Adresse: Dreschgasse 26<\/li><li>Telefon: 0162 \/ 9473649<\/li><li>E-Mail: info@printxtreme.online<\/li><\/ul><p>\u00a0<\/p><p><strong>Freiberuflicher Grafikdesigner<\/strong>\u00a0 Seit 2005<\/p><ul><li>Erstellung und Design von Werbe- und Marketingmaterialien, inklusive Brosch\u00fcren, Flyer, Plakate, Aufkleber und T-Shirts, f\u00fcr eine Vielzahl von Branchen und Anl\u00e4ssen.<\/li><li>Spezialisiert auf die Bereitstellung von hochwertigen und kosteneffizienten Designl\u00f6sungen f\u00fcr Kleinunternehmer und Vereine.<\/li><li>Entwicklung von Markenidentit\u00e4ten und Designs, die die Werte und Botschaften meiner Kunden reflektieren.<\/li><li>Umsetzung von Kundenvisionen in visuell ansprechende Designprodukte, unter Ber\u00fccksichtigung der aktuellen Trends und bew\u00e4hrten Designprinzipien.<\/li><li>F\u00fchrung von Kundengespr\u00e4chen und Briefings, um Bed\u00fcrfnisse und Anforderungen zu verstehen und individuelle Designstrategien zu entwickeln.<\/li><li>Zusammenarbeit mit Druckereien und Produktionsfirmen, um den qualitativ hochwertigen und rechtzeitigen Druck von Materialien sicherzustellen.<\/li><\/ul><p><strong>Kernkompetenzen<\/strong><\/p><ul><li>Grafikdesign<\/li><li>Kreative Probleml\u00f6sung<\/li><li>Adobe Creative Suite<\/li><li>Druckproduktion<\/li><\/ul><p><strong>Portfolio<\/strong><\/p><p>Einige meiner Arbeiten sind auf meiner Webseite www.printxtreme.online zu finden. Ich freue mich darauf, in einem pers\u00f6nlichen Gespr\u00e4ch mehr \u00fcber Ihre individuellen Designbed\u00fcrfnisse zu erfahren und zu er\u00f6rtern, wie ich Sie bei Ihren Projekten unterst\u00fctzen kann.<\/p>\t\t\t\t\t\t<\/div>\n\t\t\t\t<\/div>\n\t\t\t\t<\/div>\n\t\t\t\t\t<\/div>\n\t\t\t\t<\/div>\n\t\t\t\t<\/div>\n\t\t","protected":false},"excerpt":{"rendered":"<p>Guido Milzarek Kontakt Adresse: Dreschgasse 26 Telefon: 0162 \/ 9473649 E-Mail: info@printxtreme.online \u00a0 Freiberuflicher Grafikdesigner\u00a0 Seit 2005 Erstellung und Design von Werbe- und Marketingmaterialien, inklusive Brosch\u00fcren, Flyer, Plakate, Aufkleber und T-Shirts, f\u00fcr eine Vielzahl von Branchen und Anl\u00e4ssen. Spezialisiert auf die Bereitstellung von hochwertigen und kosteneffizienten Designl\u00f6sungen f\u00fcr Kleinunternehmer und Vereine. Entwicklung von Markenidentit\u00e4ten und [&hellip;]<\/p>\n","protected":false},"author":1,"featured_media":0,"parent":0,"menu_order":0,"comment_status":"closed","ping_status":"closed","template":"elementor_header_footer","meta":{"ocean_post_layout":"full-width","ocean_both_sidebars_style":"","ocean_both_sidebars_content_width":0,"ocean_both_sidebars_sidebars_width":0,"ocean_sidebar":"","ocean_second_sidebar":"","ocean_disable_margins":"enable","ocean_add_body_class":"","ocean_shortcode_before_top_bar":"","ocean_shortcode_after_top_bar":"","ocean_shortcode_before_header":"","ocean_shortcode_after_header":"","ocean_has_shortcode":"","ocean_shortcode_after_title":"","ocean_shortcode_before_footer_widgets":"","ocean_shortcode_after_footer_widgets":"","ocean_shortcode_before_footer_bottom":"","ocean_shortcode_after_footer_bottom":"","ocean_display_top_bar":"off","ocean_display_header":"off","ocean_header_style":"","ocean_center_header_left_menu":"","ocean_custom_header_template":"","ocean_custom_logo":33,"ocean_custom_retina_logo":0,"ocean_custom_logo_max_width":0,"ocean_custom_logo_tablet_max_width":0,"ocean_custom_logo_mobile_max_width":0,"ocean_custom_logo_max_height":0,"ocean_custom_logo_tablet_max_height":0,"ocean_custom_logo_mobile_max_height":0,"ocean_header_custom_menu":"","ocean_menu_typo_font_family":"","ocean_menu_typo_font_subset":"","ocean_menu_typo_font_size":0,"ocean_menu_typo_font_size_tablet":0,"ocean_menu_typo_font_size_mobile":0,"ocean_menu_typo_font_size_unit":"px","ocean_menu_typo_font_weight":"","ocean_menu_typo_font_weight_tablet":"","ocean_menu_typo_font_weight_mobile":"","ocean_menu_typo_transform":"","ocean_menu_typo_transform_tablet":"","ocean_menu_typo_transform_mobile":"","ocean_menu_typo_line_height":0,"ocean_menu_typo_line_height_tablet":0,"ocean_menu_typo_line_height_mobile":0,"ocean_menu_typo_line_height_unit":"","ocean_menu_typo_spacing":0,"ocean_menu_typo_spacing_tablet":0,"ocean_menu_typo_spacing_mobile":0,"ocean_menu_typo_spacing_unit":"","ocean_menu_link_color":"","ocean_menu_link_color_hover":"","ocean_menu_link_color_active":"","ocean_menu_link_background":"","ocean_menu_link_hover_background":"","ocean_menu_link_active_background":"","ocean_menu_social_links_bg":"","ocean_menu_social_hover_links_bg":"","ocean_menu_social_links_color":"","ocean_menu_social_hover_links_color":"","ocean_disable_title":"on","ocean_disable_heading":"default","ocean_post_title":"","ocean_post_subheading":"","ocean_post_title_style":"","ocean_post_title_background_color":"","ocean_post_title_background":0,"ocean_post_title_bg_image_position":"","ocean_post_title_bg_image_attachment":"","ocean_post_title_bg_image_repeat":"","ocean_post_title_bg_image_size":"","ocean_post_title_height":0,"ocean_post_title_bg_overlay":0.5,"ocean_post_title_bg_overlay_color":"","ocean_disable_breadcrumbs":"off","ocean_breadcrumbs_color":"","ocean_breadcrumbs_separator_color":"","ocean_breadcrumbs_links_color":"","ocean_breadcrumbs_links_hover_color":"","ocean_display_footer_widgets":"off","ocean_display_footer_bottom":"off","ocean_custom_footer_template":"","footnotes":""},"_links":{"self":[{"href":"https:\/\/www.printxtreme.info\/index.php?rest_route=\/wp\/v2\/pages\/60"}],"collection":[{"href":"https:\/\/www.printxtreme.info\/index.php?rest_route=\/wp\/v2\/pages"}],"about":[{"href":"https:\/\/www.printxtreme.info\/index.php?rest_route=\/wp\/v2\/types\/page"}],"author":[{"embeddable":true,"href":"https:\/\/www.printxtreme.info\/index.php?rest_route=\/wp\/v2\/users\/1"}],"replies":[{"embeddable":true,"href":"https:\/\/www.printxtreme.info\/index.php?rest_route=%2Fwp%2Fv2%2Fcomments&post=60"}],"version-history":[{"count":25,"href":"https:\/\/www.printxtreme.info\/index.php?rest_route=\/wp\/v2\/pages\/60\/revisions"}],"predecessor-version":[{"id":195,"href":"https:\/\/www.printxtreme.info\/index.php?rest_route=\/wp\/v2\/pages\/60\/revisions\/195"}],"wp:attachment":[{"href":"https:\/\/www.printxtreme.info\/index.php?rest_route=%2Fwp%2Fv2%2Fmedia&parent=60"}],"curies":[{"name":"wp","href":"https:\/\/api.w.org\/{rel}","templated":true}]}}