{"id":261,"date":"2023-10-10T06:48:12","date_gmt":"2023-10-10T06:48:12","guid":{"rendered":"http:\/\/printxtreme.online\/?page_id=261"},"modified":"2023-10-10T08:59:07","modified_gmt":"2023-10-10T08:59:07","slug":"flyer","status":"publish","type":"page","link":"https:\/\/www.printxtreme.info\/?page_id=261","title":{"rendered":"Flyer"},"content":{"rendered":"\t\t<div data-elementor-type=\"wp-page\" data-elementor-id=\"261\" class=\"elementor elementor-261\" data-elementor-post-type=\"page\">\n\t\t\t\t<div class=\"elementor-element elementor-element-1f5301b e-flex e-con-boxed e-con e-parent\" data-id=\"1f5301b\" data-element_type=\"container\">\n\t\t\t\t\t<div class=\"e-con-inner\">\n\t\t\t\t<div class=\"elementor-element elementor-element-9606015 elementor-widget elementor-widget-image\" data-id=\"9606015\" data-element_type=\"widget\" data-widget_type=\"image.default\">\n\t\t\t\t<div class=\"elementor-widget-container\">\n\t\t\t\t\t\t\t\t\t\t\t\t\t<img fetchpriority=\"high\" decoding=\"async\" width=\"1024\" height=\"401\" src=\"https:\/\/www.printxtreme.info\/wp-content\/uploads\/2023\/10\/Startlogo-1024x401.png\" class=\"attachment-large size-large wp-image-33\" alt=\"\" srcset=\"https:\/\/www.printxtreme.info\/wp-content\/uploads\/2023\/10\/Startlogo-1024x401.png 1024w, https:\/\/www.printxtreme.info\/wp-content\/uploads\/2023\/10\/Startlogo-300x118.png 300w, https:\/\/www.printxtreme.info\/wp-content\/uploads\/2023\/10\/Startlogo-768x301.png 768w, https:\/\/www.printxtreme.info\/wp-content\/uploads\/2023\/10\/Startlogo-1536x602.png 1536w, https:\/\/www.printxtreme.info\/wp-content\/uploads\/2023\/10\/Startlogo.png 1829w\" sizes=\"(max-width: 1024px) 100vw, 1024px\" \/>\t\t\t\t\t\t\t\t\t\t\t\t\t<\/div>\n\t\t\t\t<\/div>\n\t\t\t\t<div class=\"elementor-element elementor-element-d0c81c3 elementor-nav-menu__align-end elementor-nav-menu--dropdown-tablet elementor-nav-menu__text-align-aside elementor-nav-menu--toggle elementor-nav-menu--burger elementor-widget elementor-widget-nav-menu\" data-id=\"d0c81c3\" data-element_type=\"widget\" data-settings=\"{&quot;layout&quot;:&quot;horizontal&quot;,&quot;submenu_icon&quot;:{&quot;value&quot;:&quot;&lt;i class=\\&quot;fas fa-caret-down\\&quot;&gt;&lt;\\\/i&gt;&quot;,&quot;library&quot;:&quot;fa-solid&quot;},&quot;toggle&quot;:&quot;burger&quot;}\" data-widget_type=\"nav-menu.default\">\n\t\t\t\t<div class=\"elementor-widget-container\">\n\t\t\t\t\t\t<nav aria-label=\"Men\u00fc\" class=\"elementor-nav-menu--main elementor-nav-menu__container elementor-nav-menu--layout-horizontal e--pointer-underline e--animation-fade\">\n\t\t\t\t<ul id=\"menu-1-d0c81c3\" class=\"elementor-nav-menu\"><li class=\"menu-item menu-item-type-post_type menu-item-object-page menu-item-home menu-item-48\"><a href=\"https:\/\/www.printxtreme.info\/\" class=\"elementor-item\"><img decoding=\"async\" width=\"18\" height=\"21\" src=\"https:\/\/www.printxtreme.info\/wp-content\/uploads\/2023\/10\/Element-3.ico.png\" class=\"icon before _image\" alt=\"\" aria-hidden=\"true\" \/><span class=\"menu-text\">Home<\/span><\/a><\/li>\n<li class=\"menu-item menu-item-type-post_type menu-item-object-page menu-item-100\"><a href=\"https:\/\/www.printxtreme.info\/?page_id=60\" class=\"elementor-item\"><img decoding=\"async\" width=\"21\" height=\"19\" src=\"https:\/\/www.printxtreme.info\/wp-content\/uploads\/2023\/10\/Element-4.png\" class=\"icon before _image\" alt=\"\" aria-hidden=\"true\" \/><span class=\"menu-text\">\u00dcber Mich<\/span><\/a><\/li>\n<li class=\"menu-item menu-item-type-post_type menu-item-object-page menu-item-47\"><a href=\"https:\/\/www.printxtreme.info\/?page_id=38\" class=\"elementor-item\"><img loading=\"lazy\" decoding=\"async\" width=\"21\" height=\"19\" src=\"https:\/\/www.printxtreme.info\/wp-content\/uploads\/2023\/10\/Element-5.png\" class=\"icon before _image\" alt=\"\" aria-hidden=\"true\" \/><span class=\"menu-text\">Kontakt<\/span><\/a><\/li>\n<li class=\"menu-item menu-item-type-post_type menu-item-object-page menu-item-has-children menu-item-116\"><a href=\"https:\/\/www.printxtreme.info\/?page_id=108\" class=\"elementor-item\"><img loading=\"lazy\" decoding=\"async\" width=\"19\" height=\"21\" src=\"https:\/\/www.printxtreme.info\/wp-content\/uploads\/2023\/10\/Element-6.png\" class=\"icon before _image\" alt=\"\" aria-hidden=\"true\" style=\"vertical-align:sub;\" \/><span class=\"menu-text\">Produkte<\/span><\/a>\n<ul class=\"sub-menu elementor-nav-menu--dropdown\">\n\t<li class=\"menu-item menu-item-type-post_type menu-item-object-page menu-item-260\"><a href=\"https:\/\/www.printxtreme.info\/?page_id=236\" class=\"elementor-sub-item\">Plakate<\/a><\/li>\n\t<li class=\"menu-item menu-item-type-post_type menu-item-object-page menu-item-276\"><a href=\"https:\/\/www.printxtreme.info\/?page_id=261\" class=\"elementor-sub-item\">Flyer<\/a><\/li>\n\t<li class=\"menu-item menu-item-type-post_type menu-item-object-page menu-item-235\"><a href=\"https:\/\/www.printxtreme.info\/?page_id=196\" class=\"elementor-sub-item\">Poloshirts<\/a><\/li>\n\t<li class=\"menu-item menu-item-type-post_type menu-item-object-page menu-item-293\"><a href=\"https:\/\/www.printxtreme.info\/?page_id=278\" class=\"elementor-sub-item\">Karikaturen<\/a><\/li>\n<\/ul>\n<\/li>\n<\/ul>\t\t\t<\/nav>\n\t\t\t\t\t<div class=\"elementor-menu-toggle\" role=\"button\" tabindex=\"0\" aria-label=\"Menu Toggle\" aria-expanded=\"false\">\n\t\t\t<i aria-hidden=\"true\" role=\"presentation\" class=\"elementor-menu-toggle__icon--open eicon-menu-bar\"><\/i><i aria-hidden=\"true\" role=\"presentation\" class=\"elementor-menu-toggle__icon--close eicon-close\"><\/i>\t\t\t<span class=\"elementor-screen-only\">Men\u00fc<\/span>\n\t\t<\/div>\n\t\t\t\t\t<nav class=\"elementor-nav-menu--dropdown elementor-nav-menu__container\" aria-hidden=\"true\">\n\t\t\t\t<ul id=\"menu-2-d0c81c3\" class=\"elementor-nav-menu\"><li class=\"menu-item menu-item-type-post_type menu-item-object-page menu-item-home menu-item-48\"><a href=\"https:\/\/www.printxtreme.info\/\" class=\"elementor-item\" tabindex=\"-1\"><img decoding=\"async\" width=\"18\" height=\"21\" src=\"https:\/\/www.printxtreme.info\/wp-content\/uploads\/2023\/10\/Element-3.ico.png\" class=\"icon before _image\" alt=\"\" aria-hidden=\"true\" \/><span class=\"menu-text\">Home<\/span><\/a><\/li>\n<li class=\"menu-item menu-item-type-post_type menu-item-object-page menu-item-100\"><a href=\"https:\/\/www.printxtreme.info\/?page_id=60\" class=\"elementor-item\" tabindex=\"-1\"><img decoding=\"async\" width=\"21\" height=\"19\" src=\"https:\/\/www.printxtreme.info\/wp-content\/uploads\/2023\/10\/Element-4.png\" class=\"icon before _image\" alt=\"\" aria-hidden=\"true\" \/><span class=\"menu-text\">\u00dcber Mich<\/span><\/a><\/li>\n<li class=\"menu-item menu-item-type-post_type menu-item-object-page menu-item-47\"><a href=\"https:\/\/www.printxtreme.info\/?page_id=38\" class=\"elementor-item\" tabindex=\"-1\"><img loading=\"lazy\" decoding=\"async\" width=\"21\" height=\"19\" src=\"https:\/\/www.printxtreme.info\/wp-content\/uploads\/2023\/10\/Element-5.png\" class=\"icon before _image\" alt=\"\" aria-hidden=\"true\" \/><span class=\"menu-text\">Kontakt<\/span><\/a><\/li>\n<li class=\"menu-item menu-item-type-post_type menu-item-object-page menu-item-has-children menu-item-116\"><a href=\"https:\/\/www.printxtreme.info\/?page_id=108\" class=\"elementor-item\" tabindex=\"-1\"><img loading=\"lazy\" decoding=\"async\" width=\"19\" height=\"21\" src=\"https:\/\/www.printxtreme.info\/wp-content\/uploads\/2023\/10\/Element-6.png\" class=\"icon before _image\" alt=\"\" aria-hidden=\"true\" style=\"vertical-align:sub;\" \/><span class=\"menu-text\">Produkte<\/span><\/a>\n<ul class=\"sub-menu elementor-nav-menu--dropdown\">\n\t<li class=\"menu-item menu-item-type-post_type menu-item-object-page menu-item-260\"><a href=\"https:\/\/www.printxtreme.info\/?page_id=236\" class=\"elementor-sub-item\" tabindex=\"-1\">Plakate<\/a><\/li>\n\t<li class=\"menu-item menu-item-type-post_type menu-item-object-page menu-item-276\"><a href=\"https:\/\/www.printxtreme.info\/?page_id=261\" class=\"elementor-sub-item\" tabindex=\"-1\">Flyer<\/a><\/li>\n\t<li class=\"menu-item menu-item-type-post_type menu-item-object-page menu-item-235\"><a href=\"https:\/\/www.printxtreme.info\/?page_id=196\" class=\"elementor-sub-item\" tabindex=\"-1\">Poloshirts<\/a><\/li>\n\t<li class=\"menu-item menu-item-type-post_type menu-item-object-page menu-item-293\"><a href=\"https:\/\/www.printxtreme.info\/?page_id=278\" class=\"elementor-sub-item\" tabindex=\"-1\">Karikaturen<\/a><\/li>\n<\/ul>\n<\/li>\n<\/ul>\t\t\t<\/nav>\n\t\t\t\t<\/div>\n\t\t\t\t<\/div>\n\t\t\t\t\t<\/div>\n\t\t\t\t<\/div>\n\t\t<div class=\"elementor-element elementor-element-ddfa3ab e-flex e-con-boxed e-con e-parent\" data-id=\"ddfa3ab\" data-element_type=\"container\">\n\t\t\t\t\t<div class=\"e-con-inner\">\n\t\t<div class=\"elementor-element elementor-element-435f6ed e-flex e-con-boxed e-con e-child\" data-id=\"435f6ed\" data-element_type=\"container\">\n\t\t\t\t\t<div class=\"e-con-inner\">\n\t\t\t\t<div class=\"elementor-element elementor-element-582217d elementor-widget-divider--separator-type-pattern elementor-widget-divider--no-spacing elementor-widget-divider--view-line elementor-widget elementor-widget-divider\" data-id=\"582217d\" data-element_type=\"widget\" data-widget_type=\"divider.default\">\n\t\t\t\t<div class=\"elementor-widget-container\">\n\t\t\t\t\t<div class=\"elementor-divider\" style=\"--divider-pattern-url: url(&quot;data:image\/svg+xml,%3Csvg xmlns=&#039;http:\/\/www.w3.org\/2000\/svg&#039; preserveAspectRatio=&#039;none&#039; overflow=&#039;visible&#039; height=&#039;100%&#039; viewBox=&#039;0 0 24 24&#039; fill=&#039;black&#039; stroke=&#039;none&#039;%3E%3Cpath d=&#039;M24,8v12H0V8H24z M24,4v1H0V4H24z&#039;\/%3E%3C\/svg%3E&quot;);\">\n\t\t\t<span class=\"elementor-divider-separator\">\n\t\t\t\t\t\t<\/span>\n\t\t<\/div>\n\t\t\t\t<\/div>\n\t\t\t\t<\/div>\n\t\t\t\t\t<\/div>\n\t\t\t\t<\/div>\n\t\t\t\t<div class=\"elementor-element elementor-element-189f6fa elementor-widget elementor-widget-heading\" data-id=\"189f6fa\" data-element_type=\"widget\" data-widget_type=\"heading.default\">\n\t\t\t\t<div class=\"elementor-widget-container\">\n\t\t\t<h1 class=\"elementor-heading-title elementor-size-default\">Ihr Botschafter in Papierform \u2013 Flyer von Printxtreme!<\/h1>\t\t<\/div>\n\t\t\t\t<\/div>\n\t\t\t\t\t<\/div>\n\t\t\t\t<\/div>\n\t\t<div class=\"elementor-element elementor-element-d3ad47d e-flex e-con-boxed e-con e-parent\" data-id=\"d3ad47d\" data-element_type=\"container\">\n\t\t\t\t\t<div class=\"e-con-inner\">\n\t\t<div class=\"elementor-element elementor-element-5ee62e1 e-con-full e-flex e-con e-child\" data-id=\"5ee62e1\" data-element_type=\"container\">\n\t\t\t\t<div class=\"elementor-element elementor-element-e68eeaa elementor-widget elementor-widget-text-editor\" data-id=\"e68eeaa\" data-element_type=\"widget\" data-widget_type=\"text-editor.default\">\n\t\t\t\t<div class=\"elementor-widget-container\">\n\t\t\t\t\t\t\t<p>Erwecken Sie Ihre Botschaften zum Leben und hinterlassen Sie einen bleibenden Eindruck mit eindrucksvoll gestalteten und gedruckten Flyern von Printxtreme. Unsere Leidenschaft f\u00fcr Design und Druck verbindet sich mit Ihrem Bedarf an herausragender Kommunikation!<\/p><p><strong>Maximale Wirkung mit Minimalen Mitteln<\/strong> Unsere Experten f\u00fcr Flyer-Design und Druck arbeiten Hand in Hand, um sicherzustellen, dass Ihre Inhalte mit Klarheit und Kreativit\u00e4t \u00fcbermittelt werden, und sie sowohl visuell ansprechend als auch informationsreich sind.<\/p><p><strong>F\u00fcr jeden Anlass, den richtigen Flyer:<\/strong><\/p><ul><li>Gesch\u00e4ftser\u00f6ffnungen<\/li><li>Veranstaltungsank\u00fcndigungen<\/li><li>Produktneuheiten<\/li><li>Sonderangebote<\/li><li>&#8230;und vieles mehr!<\/li><\/ul><p><strong>Warum Printxtreme f\u00fcr Ihren Flyer-Druck?<\/strong><\/p><ul><li>Ma\u00dfgeschneiderte Design-L\u00f6sungen<\/li><li>Hochwertige Druckoptionen f\u00fcr jede Budget-Gr\u00f6\u00dfe<\/li><li>Schnelle, zuverl\u00e4ssige und kosteng\u00fcnstige Lieferung<\/li><li>Unbegrenzte Revisionsrunden bis zur Ihrer vollen Zufriedenheit<\/li><\/ul><p><strong>Kommen Sie ins Gespr\u00e4ch!<\/strong> Verbreiten Sie Ihre Nachrichten effektiv in Ihrer Zielgruppe mit professionellen, ins Auge springenden Flyern. Lassen Sie uns die Gestaltung \u00fcbernehmen, w\u00e4hrend Sie sich zur\u00fccklehnen und auf die Resultate warten!<\/p>\t\t\t\t\t\t<\/div>\n\t\t\t\t<\/div>\n\t\t\t\t<\/div>\n\t\t<div class=\"elementor-element elementor-element-99f82a2 e-con-full e-flex e-con e-child\" data-id=\"99f82a2\" data-element_type=\"container\">\n\t\t\t\t<div class=\"elementor-element elementor-element-f26a9b5 elementor-widget elementor-widget-image\" data-id=\"f26a9b5\" data-element_type=\"widget\" data-widget_type=\"image.default\">\n\t\t\t\t<div class=\"elementor-widget-container\">\n\t\t\t\t\t\t\t\t\t\t\t\t\t<img loading=\"lazy\" decoding=\"async\" width=\"671\" height=\"605\" src=\"https:\/\/www.printxtreme.info\/wp-content\/uploads\/2023\/10\/Flyer1.jpg\" class=\"attachment-large size-large wp-image-272\" alt=\"\" srcset=\"https:\/\/www.printxtreme.info\/wp-content\/uploads\/2023\/10\/Flyer1.jpg 671w, https:\/\/www.printxtreme.info\/wp-content\/uploads\/2023\/10\/Flyer1-300x270.jpg 300w\" sizes=\"(max-width: 671px) 100vw, 671px\" \/>\t\t\t\t\t\t\t\t\t\t\t\t\t<\/div>\n\t\t\t\t<\/div>\n\t\t\t\t<div class=\"elementor-element elementor-element-607ae93 elementor-widget elementor-widget-image\" data-id=\"607ae93\" data-element_type=\"widget\" data-widget_type=\"image.default\">\n\t\t\t\t<div class=\"elementor-widget-container\">\n\t\t\t\t\t\t\t\t\t\t\t\t\t<img loading=\"lazy\" decoding=\"async\" width=\"568\" height=\"605\" src=\"https:\/\/www.printxtreme.info\/wp-content\/uploads\/2023\/10\/Flyer2.jpg\" class=\"attachment-large size-large wp-image-271\" alt=\"\" srcset=\"https:\/\/www.printxtreme.info\/wp-content\/uploads\/2023\/10\/Flyer2.jpg 568w, https:\/\/www.printxtreme.info\/wp-content\/uploads\/2023\/10\/Flyer2-282x300.jpg 282w\" sizes=\"(max-width: 568px) 100vw, 568px\" \/>\t\t\t\t\t\t\t\t\t\t\t\t\t<\/div>\n\t\t\t\t<\/div>\n\t\t\t\t<\/div>\n\t\t\t\t\t<\/div>\n\t\t\t\t<\/div>\n\t\t<div class=\"elementor-element elementor-element-5b2ebc8 e-flex e-con-boxed e-con e-parent\" data-id=\"5b2ebc8\" data-element_type=\"container\">\n\t\t\t\t\t<div class=\"e-con-inner\">\n\t\t<div class=\"elementor-element elementor-element-700a6e3 e-flex e-con-boxed e-con e-child\" data-id=\"700a6e3\" data-element_type=\"container\">\n\t\t\t\t\t<div class=\"e-con-inner\">\n\t\t\t\t<div class=\"elementor-element elementor-element-6c153a5 elementor-widget-divider--separator-type-pattern elementor-widget-divider--no-spacing elementor-widget-divider--view-line elementor-widget elementor-widget-divider\" data-id=\"6c153a5\" data-element_type=\"widget\" data-widget_type=\"divider.default\">\n\t\t\t\t<div class=\"elementor-widget-container\">\n\t\t\t\t\t<div class=\"elementor-divider\" style=\"--divider-pattern-url: url(&quot;data:image\/svg+xml,%3Csvg xmlns=&#039;http:\/\/www.w3.org\/2000\/svg&#039; preserveAspectRatio=&#039;none&#039; overflow=&#039;visible&#039; height=&#039;100%&#039; viewBox=&#039;0 0 24 24&#039; fill=&#039;black&#039; stroke=&#039;none&#039;%3E%3Cpath d=&#039;M24,8v12H0V8H24z M24,4v1H0V4H24z&#039;\/%3E%3C\/svg%3E&quot;);\">\n\t\t\t<span class=\"elementor-divider-separator\">\n\t\t\t\t\t\t<\/span>\n\t\t<\/div>\n\t\t\t\t<\/div>\n\t\t\t\t<\/div>\n\t\t\t\t\t<\/div>\n\t\t\t\t<\/div>\n\t\t\t\t\t<\/div>\n\t\t\t\t<\/div>\n\t\t<div class=\"elementor-element elementor-element-05bcf6a e-flex e-con-boxed e-con e-parent\" data-id=\"05bcf6a\" data-element_type=\"container\">\n\t\t\t\t\t<div class=\"e-con-inner\">\n\t\t\t\t\t<\/div>\n\t\t\t\t<\/div>\n\t\t\t\t<\/div>\n\t\t","protected":false},"excerpt":{"rendered":"<p>Ihr Botschafter in Papierform \u2013 Flyer von Printxtreme! Erwecken Sie Ihre Botschaften zum Leben und hinterlassen Sie einen bleibenden Eindruck mit eindrucksvoll gestalteten und gedruckten Flyern von Printxtreme. Unsere Leidenschaft f\u00fcr Design und Druck verbindet sich mit Ihrem Bedarf an herausragender Kommunikation! Maximale Wirkung mit Minimalen Mitteln Unsere Experten f\u00fcr Flyer-Design und Druck arbeiten Hand [&hellip;]<\/p>\n","protected":false},"author":1,"featured_media":0,"parent":0,"menu_order":0,"comment_status":"closed","ping_status":"closed","template":"","meta":{"ocean_post_layout":"full-width","ocean_both_sidebars_style":"","ocean_both_sidebars_content_width":0,"ocean_both_sidebars_sidebars_width":0,"ocean_sidebar":"","ocean_second_sidebar":"","ocean_disable_margins":"on","ocean_add_body_class":"","ocean_shortcode_before_top_bar":"","ocean_shortcode_after_top_bar":"","ocean_shortcode_before_header":"","ocean_shortcode_after_header":"","ocean_has_shortcode":"","ocean_shortcode_after_title":"","ocean_shortcode_before_footer_widgets":"","ocean_shortcode_after_footer_widgets":"","ocean_shortcode_before_footer_bottom":"","ocean_shortcode_after_footer_bottom":"","ocean_display_top_bar":"off","ocean_display_header":"off","ocean_header_style":"","ocean_center_header_left_menu":"","ocean_custom_header_template":"","ocean_custom_logo":0,"ocean_custom_retina_logo":0,"ocean_custom_logo_max_width":0,"ocean_custom_logo_tablet_max_width":0,"ocean_custom_logo_mobile_max_width":0,"ocean_custom_logo_max_height":0,"ocean_custom_logo_tablet_max_height":0,"ocean_custom_logo_mobile_max_height":0,"ocean_header_custom_menu":"","ocean_menu_typo_font_family":"","ocean_menu_typo_font_subset":"","ocean_menu_typo_font_size":0,"ocean_menu_typo_font_size_tablet":0,"ocean_menu_typo_font_size_mobile":0,"ocean_menu_typo_font_size_unit":"px","ocean_menu_typo_font_weight":"","ocean_menu_typo_font_weight_tablet":"","ocean_menu_typo_font_weight_mobile":"","ocean_menu_typo_transform":"","ocean_menu_typo_transform_tablet":"","ocean_menu_typo_transform_mobile":"","ocean_menu_typo_line_height":0,"ocean_menu_typo_line_height_tablet":0,"ocean_menu_typo_line_height_mobile":0,"ocean_menu_typo_line_height_unit":"","ocean_menu_typo_spacing":0,"ocean_menu_typo_spacing_tablet":0,"ocean_menu_typo_spacing_mobile":0,"ocean_menu_typo_spacing_unit":"","ocean_menu_link_color":"","ocean_menu_link_color_hover":"","ocean_menu_link_color_active":"","ocean_menu_link_background":"","ocean_menu_link_hover_background":"","ocean_menu_link_active_background":"","ocean_menu_social_links_bg":"","ocean_menu_social_hover_links_bg":"","ocean_menu_social_links_color":"","ocean_menu_social_hover_links_color":"","ocean_disable_title":"on","ocean_disable_heading":"default","ocean_post_title":"","ocean_post_subheading":"","ocean_post_title_style":"","ocean_post_title_background_color":"","ocean_post_title_background":0,"ocean_post_title_bg_image_position":"","ocean_post_title_bg_image_attachment":"","ocean_post_title_bg_image_repeat":"","ocean_post_title_bg_image_size":"","ocean_post_title_height":0,"ocean_post_title_bg_overlay":0.5,"ocean_post_title_bg_overlay_color":"","ocean_disable_breadcrumbs":"default","ocean_breadcrumbs_color":"","ocean_breadcrumbs_separator_color":"","ocean_breadcrumbs_links_color":"","ocean_breadcrumbs_links_hover_color":"","ocean_display_footer_widgets":"default","ocean_display_footer_bottom":"default","ocean_custom_footer_template":"","footnotes":""},"_links":{"self":[{"href":"https:\/\/www.printxtreme.info\/index.php?rest_route=\/wp\/v2\/pages\/261"}],"collection":[{"href":"https:\/\/www.printxtreme.info\/index.php?rest_route=\/wp\/v2\/pages"}],"about":[{"href":"https:\/\/www.printxtreme.info\/index.php?rest_route=\/wp\/v2\/types\/page"}],"author":[{"embeddable":true,"href":"https:\/\/www.printxtreme.info\/index.php?rest_route=\/wp\/v2\/users\/1"}],"replies":[{"embeddable":true,"href":"https:\/\/www.printxtreme.info\/index.php?rest_route=%2Fwp%2Fv2%2Fcomments&post=261"}],"version-history":[{"count":10,"href":"https:\/\/www.printxtreme.info\/index.php?rest_route=\/wp\/v2\/pages\/261\/revisions"}],"predecessor-version":[{"id":305,"href":"https:\/\/www.printxtreme.info\/index.php?rest_route=\/wp\/v2\/pages\/261\/revisions\/305"}],"wp:attachment":[{"href":"https:\/\/www.printxtreme.info\/index.php?rest_route=%2Fwp%2Fv2%2Fmedia&parent=261"}],"curies":[{"name":"wp","href":"https:\/\/api.w.org\/{rel}","templated":true}]}}