{"id":236,"date":"2023-10-10T06:31:30","date_gmt":"2023-10-10T06:31:30","guid":{"rendered":"http:\/\/printxtreme.online\/?page_id=236"},"modified":"2023-10-10T06:41:12","modified_gmt":"2023-10-10T06:41:12","slug":"plakate","status":"publish","type":"page","link":"https:\/\/www.printxtreme.info\/?page_id=236","title":{"rendered":"Plakate"},"content":{"rendered":"\t\t<div data-elementor-type=\"wp-page\" data-elementor-id=\"236\" class=\"elementor elementor-236\" data-elementor-post-type=\"page\">\n\t\t\t\t<div class=\"elementor-element elementor-element-849b1c6 e-flex e-con-boxed e-con e-parent\" data-id=\"849b1c6\" data-element_type=\"container\">\n\t\t\t\t\t<div class=\"e-con-inner\">\n\t\t\t\t<div class=\"elementor-element elementor-element-73650e5 elementor-widget elementor-widget-image\" data-id=\"73650e5\" data-element_type=\"widget\" data-widget_type=\"image.default\">\n\t\t\t\t<div class=\"elementor-widget-container\">\n\t\t\t\t\t\t\t\t\t\t\t\t\t<img fetchpriority=\"high\" decoding=\"async\" width=\"1024\" height=\"401\" src=\"https:\/\/www.printxtreme.info\/wp-content\/uploads\/2023\/10\/Startlogo-1024x401.png\" class=\"attachment-large size-large wp-image-33\" alt=\"\" srcset=\"https:\/\/www.printxtreme.info\/wp-content\/uploads\/2023\/10\/Startlogo-1024x401.png 1024w, https:\/\/www.printxtreme.info\/wp-content\/uploads\/2023\/10\/Startlogo-300x118.png 300w, https:\/\/www.printxtreme.info\/wp-content\/uploads\/2023\/10\/Startlogo-768x301.png 768w, https:\/\/www.printxtreme.info\/wp-content\/uploads\/2023\/10\/Startlogo-1536x602.png 1536w, https:\/\/www.printxtreme.info\/wp-content\/uploads\/2023\/10\/Startlogo.png 1829w\" sizes=\"(max-width: 1024px) 100vw, 1024px\" \/>\t\t\t\t\t\t\t\t\t\t\t\t\t<\/div>\n\t\t\t\t<\/div>\n\t\t\t\t<div class=\"elementor-element elementor-element-2c4c971 elementor-nav-menu__align-end elementor-nav-menu--dropdown-tablet elementor-nav-menu__text-align-aside elementor-nav-menu--toggle elementor-nav-menu--burger elementor-widget elementor-widget-nav-menu\" data-id=\"2c4c971\" data-element_type=\"widget\" data-settings=\"{&quot;layout&quot;:&quot;horizontal&quot;,&quot;submenu_icon&quot;:{&quot;value&quot;:&quot;&lt;i class=\\&quot;fas fa-caret-down\\&quot;&gt;&lt;\\\/i&gt;&quot;,&quot;library&quot;:&quot;fa-solid&quot;},&quot;toggle&quot;:&quot;burger&quot;}\" data-widget_type=\"nav-menu.default\">\n\t\t\t\t<div class=\"elementor-widget-container\">\n\t\t\t\t\t\t<nav aria-label=\"Men\u00fc\" class=\"elementor-nav-menu--main elementor-nav-menu__container elementor-nav-menu--layout-horizontal e--pointer-underline e--animation-fade\">\n\t\t\t\t<ul id=\"menu-1-2c4c971\" class=\"elementor-nav-menu\"><li class=\"menu-item menu-item-type-post_type menu-item-object-page menu-item-home menu-item-48\"><a href=\"https:\/\/www.printxtreme.info\/\" class=\"elementor-item\"><img decoding=\"async\" width=\"18\" height=\"21\" src=\"https:\/\/www.printxtreme.info\/wp-content\/uploads\/2023\/10\/Element-3.ico.png\" class=\"icon before _image\" alt=\"\" aria-hidden=\"true\" \/><span class=\"menu-text\">Home<\/span><\/a><\/li>\n<li class=\"menu-item menu-item-type-post_type menu-item-object-page menu-item-100\"><a href=\"https:\/\/www.printxtreme.info\/?page_id=60\" class=\"elementor-item\"><img decoding=\"async\" width=\"21\" height=\"19\" src=\"https:\/\/www.printxtreme.info\/wp-content\/uploads\/2023\/10\/Element-4.png\" class=\"icon before _image\" alt=\"\" aria-hidden=\"true\" \/><span class=\"menu-text\">\u00dcber Mich<\/span><\/a><\/li>\n<li class=\"menu-item menu-item-type-post_type menu-item-object-page menu-item-47\"><a href=\"https:\/\/www.printxtreme.info\/?page_id=38\" class=\"elementor-item\"><img loading=\"lazy\" decoding=\"async\" width=\"21\" height=\"19\" src=\"https:\/\/www.printxtreme.info\/wp-content\/uploads\/2023\/10\/Element-5.png\" class=\"icon before _image\" alt=\"\" aria-hidden=\"true\" \/><span class=\"menu-text\">Kontakt<\/span><\/a><\/li>\n<li class=\"menu-item menu-item-type-post_type menu-item-object-page menu-item-has-children menu-item-116\"><a href=\"https:\/\/www.printxtreme.info\/?page_id=108\" class=\"elementor-item\"><img loading=\"lazy\" decoding=\"async\" width=\"19\" height=\"21\" src=\"https:\/\/www.printxtreme.info\/wp-content\/uploads\/2023\/10\/Element-6.png\" class=\"icon before _image\" alt=\"\" aria-hidden=\"true\" style=\"vertical-align:sub;\" \/><span class=\"menu-text\">Produkte<\/span><\/a>\n<ul class=\"sub-menu elementor-nav-menu--dropdown\">\n\t<li class=\"menu-item menu-item-type-post_type menu-item-object-page menu-item-260\"><a href=\"https:\/\/www.printxtreme.info\/?page_id=236\" class=\"elementor-sub-item\">Plakate<\/a><\/li>\n\t<li class=\"menu-item menu-item-type-post_type menu-item-object-page menu-item-276\"><a href=\"https:\/\/www.printxtreme.info\/?page_id=261\" class=\"elementor-sub-item\">Flyer<\/a><\/li>\n\t<li class=\"menu-item menu-item-type-post_type menu-item-object-page menu-item-235\"><a href=\"https:\/\/www.printxtreme.info\/?page_id=196\" class=\"elementor-sub-item\">Poloshirts<\/a><\/li>\n\t<li class=\"menu-item menu-item-type-post_type menu-item-object-page menu-item-293\"><a href=\"https:\/\/www.printxtreme.info\/?page_id=278\" class=\"elementor-sub-item\">Karikaturen<\/a><\/li>\n<\/ul>\n<\/li>\n<\/ul>\t\t\t<\/nav>\n\t\t\t\t\t<div class=\"elementor-menu-toggle\" role=\"button\" tabindex=\"0\" aria-label=\"Menu Toggle\" aria-expanded=\"false\">\n\t\t\t<i aria-hidden=\"true\" role=\"presentation\" class=\"elementor-menu-toggle__icon--open eicon-menu-bar\"><\/i><i aria-hidden=\"true\" role=\"presentation\" class=\"elementor-menu-toggle__icon--close eicon-close\"><\/i>\t\t\t<span class=\"elementor-screen-only\">Men\u00fc<\/span>\n\t\t<\/div>\n\t\t\t\t\t<nav class=\"elementor-nav-menu--dropdown elementor-nav-menu__container\" aria-hidden=\"true\">\n\t\t\t\t<ul id=\"menu-2-2c4c971\" class=\"elementor-nav-menu\"><li class=\"menu-item menu-item-type-post_type menu-item-object-page menu-item-home menu-item-48\"><a href=\"https:\/\/www.printxtreme.info\/\" class=\"elementor-item\" tabindex=\"-1\"><img decoding=\"async\" width=\"18\" height=\"21\" src=\"https:\/\/www.printxtreme.info\/wp-content\/uploads\/2023\/10\/Element-3.ico.png\" class=\"icon before _image\" alt=\"\" aria-hidden=\"true\" \/><span class=\"menu-text\">Home<\/span><\/a><\/li>\n<li class=\"menu-item menu-item-type-post_type menu-item-object-page menu-item-100\"><a href=\"https:\/\/www.printxtreme.info\/?page_id=60\" class=\"elementor-item\" tabindex=\"-1\"><img decoding=\"async\" width=\"21\" height=\"19\" src=\"https:\/\/www.printxtreme.info\/wp-content\/uploads\/2023\/10\/Element-4.png\" class=\"icon before _image\" alt=\"\" aria-hidden=\"true\" \/><span class=\"menu-text\">\u00dcber Mich<\/span><\/a><\/li>\n<li class=\"menu-item menu-item-type-post_type menu-item-object-page menu-item-47\"><a href=\"https:\/\/www.printxtreme.info\/?page_id=38\" class=\"elementor-item\" tabindex=\"-1\"><img loading=\"lazy\" decoding=\"async\" width=\"21\" height=\"19\" src=\"https:\/\/www.printxtreme.info\/wp-content\/uploads\/2023\/10\/Element-5.png\" class=\"icon before _image\" alt=\"\" aria-hidden=\"true\" \/><span class=\"menu-text\">Kontakt<\/span><\/a><\/li>\n<li class=\"menu-item menu-item-type-post_type menu-item-object-page menu-item-has-children menu-item-116\"><a href=\"https:\/\/www.printxtreme.info\/?page_id=108\" class=\"elementor-item\" tabindex=\"-1\"><img loading=\"lazy\" decoding=\"async\" width=\"19\" height=\"21\" src=\"https:\/\/www.printxtreme.info\/wp-content\/uploads\/2023\/10\/Element-6.png\" class=\"icon before _image\" alt=\"\" aria-hidden=\"true\" style=\"vertical-align:sub;\" \/><span class=\"menu-text\">Produkte<\/span><\/a>\n<ul class=\"sub-menu elementor-nav-menu--dropdown\">\n\t<li class=\"menu-item menu-item-type-post_type menu-item-object-page menu-item-260\"><a href=\"https:\/\/www.printxtreme.info\/?page_id=236\" class=\"elementor-sub-item\" tabindex=\"-1\">Plakate<\/a><\/li>\n\t<li class=\"menu-item menu-item-type-post_type menu-item-object-page menu-item-276\"><a href=\"https:\/\/www.printxtreme.info\/?page_id=261\" class=\"elementor-sub-item\" tabindex=\"-1\">Flyer<\/a><\/li>\n\t<li class=\"menu-item menu-item-type-post_type menu-item-object-page menu-item-235\"><a href=\"https:\/\/www.printxtreme.info\/?page_id=196\" class=\"elementor-sub-item\" tabindex=\"-1\">Poloshirts<\/a><\/li>\n\t<li class=\"menu-item menu-item-type-post_type menu-item-object-page menu-item-293\"><a href=\"https:\/\/www.printxtreme.info\/?page_id=278\" class=\"elementor-sub-item\" tabindex=\"-1\">Karikaturen<\/a><\/li>\n<\/ul>\n<\/li>\n<\/ul>\t\t\t<\/nav>\n\t\t\t\t<\/div>\n\t\t\t\t<\/div>\n\t\t\t\t\t<\/div>\n\t\t\t\t<\/div>\n\t\t<div class=\"elementor-element elementor-element-100661a e-flex e-con-boxed e-con e-parent\" data-id=\"100661a\" data-element_type=\"container\">\n\t\t\t\t\t<div class=\"e-con-inner\">\n\t\t\t\t<div class=\"elementor-element elementor-element-5da2c23 elementor-widget-divider--separator-type-pattern elementor-widget-divider--no-spacing elementor-widget-divider--view-line elementor-widget elementor-widget-divider\" data-id=\"5da2c23\" data-element_type=\"widget\" data-widget_type=\"divider.default\">\n\t\t\t\t<div class=\"elementor-widget-container\">\n\t\t\t\t\t<div class=\"elementor-divider\" style=\"--divider-pattern-url: url(&quot;data:image\/svg+xml,%3Csvg xmlns=&#039;http:\/\/www.w3.org\/2000\/svg&#039; preserveAspectRatio=&#039;none&#039; overflow=&#039;visible&#039; height=&#039;100%&#039; viewBox=&#039;0 0 24 24&#039; fill=&#039;black&#039; stroke=&#039;none&#039;%3E%3Cpath d=&#039;M24,8v12H0V8H24z M24,4v1H0V4H24z&#039;\/%3E%3C\/svg%3E&quot;);\">\n\t\t\t<span class=\"elementor-divider-separator\">\n\t\t\t\t\t\t<\/span>\n\t\t<\/div>\n\t\t\t\t<\/div>\n\t\t\t\t<\/div>\n\t\t\t\t\t<\/div>\n\t\t\t\t<\/div>\n\t\t<div class=\"elementor-element elementor-element-013252f e-flex e-con-boxed e-con e-parent\" data-id=\"013252f\" data-element_type=\"container\">\n\t\t\t\t\t<div class=\"e-con-inner\">\n\t\t<div class=\"elementor-element elementor-element-44ec298 e-con-full e-flex e-con e-child\" data-id=\"44ec298\" data-element_type=\"container\">\n\t\t\t\t<div class=\"elementor-element elementor-element-e81ff47 elementor-widget elementor-widget-heading\" data-id=\"e81ff47\" data-element_type=\"widget\" data-widget_type=\"heading.default\">\n\t\t\t\t<div class=\"elementor-widget-container\">\n\t\t\t<h2 class=\"elementor-heading-title elementor-size-default\">Drucken Sie Mehr als nur Worte \u2013 Drucken Sie Statements mit Printxtreme!<\/h2>\t\t<\/div>\n\t\t\t\t<\/div>\n\t\t\t\t<div class=\"elementor-element elementor-element-e12a0b7 elementor-widget elementor-widget-text-editor\" data-id=\"e12a0b7\" data-element_type=\"widget\" data-widget_type=\"text-editor.default\">\n\t\t\t\t<div class=\"elementor-widget-container\">\n\t\t\t\t\t\t\t<p>\u00a0<\/p><p>Eintauchen in eine Welt, wo Ihre Botschaften, Slogans und Bilder kraftvoll in Szene gesetzt werden! Printxtreme ist Ihr Spezialist f\u00fcr Plakatdesign und -druck, der jede Idee in ein visuelles Spektakel verwandelt.<\/p><p><strong>Ihre Vision + Unsere Expertise = Un\u00fcbersehbare Plakate<\/strong><\/p><ul><li>Einzigartige Designs, geschaffen von professionellen Designern.<\/li><li>Klarheit trifft auf Qualit\u00e4t mit hochaufl\u00f6sendem Druck.<\/li><li>W\u00e4hlen Sie aus einer Vielzahl von Gr\u00f6\u00dfen und Finish-Optionen.<\/li><\/ul><p><strong>F\u00fcr Jede Gelegenheit das Richtige Plakat<\/strong> Ob Veranstaltungen, Werbekampagnen oder dekorative Kunstwerke \u2013 wir gestalten und drucken Plakate, die in Erinnerung bleiben und Aufmerksamkeit auf sich ziehen.<\/p><p><strong>Ihr Gesch\u00e4ft verdient es, Gesehen zu Werden!<\/strong> Steigern Sie die Sichtbarkeit Ihres Unternehmens mit beeindruckenden Plakaten, die Ihre Markenbotschaft laut und deutlich verk\u00fcnden.<\/p><p><strong>Erste Schritte mit Ihrem Pr\u00e4gnanten Plakat<\/strong><\/p><ul><li>Kontaktieren Sie unser Expertenteam.<\/li><li>Besprechen Sie Ihre Vorstellungen und Anforderungen.<\/li><li>Erhalten Sie ein ma\u00dfgeschneidertes Plakatdesign.<\/li><li>Genehmigen Sie den Entwurf und wir bringen ihn zum Drucken!<\/li><\/ul>\t\t\t\t\t\t<\/div>\n\t\t\t\t<\/div>\n\t\t\t\t<\/div>\n\t\t<div class=\"elementor-element elementor-element-8099498 e-con-full e-flex e-con e-child\" data-id=\"8099498\" data-element_type=\"container\">\n\t\t\t\t<div class=\"elementor-element elementor-element-d927d31 elementor-widget elementor-widget-image\" data-id=\"d927d31\" data-element_type=\"widget\" data-widget_type=\"image.default\">\n\t\t\t\t<div class=\"elementor-widget-container\">\n\t\t\t\t\t\t\t\t\t\t\t\t\t<img loading=\"lazy\" decoding=\"async\" width=\"717\" height=\"1024\" src=\"https:\/\/www.printxtreme.info\/wp-content\/uploads\/2023\/10\/Feuerwehfest_2023_HighPrint-717x1024.jpg\" class=\"attachment-large size-large wp-image-255\" alt=\"\" srcset=\"https:\/\/www.printxtreme.info\/wp-content\/uploads\/2023\/10\/Feuerwehfest_2023_HighPrint-717x1024.jpg 717w, https:\/\/www.printxtreme.info\/wp-content\/uploads\/2023\/10\/Feuerwehfest_2023_HighPrint-210x300.jpg 210w, https:\/\/www.printxtreme.info\/wp-content\/uploads\/2023\/10\/Feuerwehfest_2023_HighPrint-768x1097.jpg 768w, https:\/\/www.printxtreme.info\/wp-content\/uploads\/2023\/10\/Feuerwehfest_2023_HighPrint-1075x1536.jpg 1075w, https:\/\/www.printxtreme.info\/wp-content\/uploads\/2023\/10\/Feuerwehfest_2023_HighPrint-1434x2048.jpg 1434w, https:\/\/www.printxtreme.info\/wp-content\/uploads\/2023\/10\/Feuerwehfest_2023_HighPrint-scaled.jpg 1792w\" sizes=\"(max-width: 717px) 100vw, 717px\" \/>\t\t\t\t\t\t\t\t\t\t\t\t\t<\/div>\n\t\t\t\t<\/div>\n\t\t\t\t<div class=\"elementor-element elementor-element-ec6f9a7 elementor-widget elementor-widget-image\" data-id=\"ec6f9a7\" data-element_type=\"widget\" data-widget_type=\"image.default\">\n\t\t\t\t<div class=\"elementor-widget-container\">\n\t\t\t\t\t\t\t\t\t\t\t\t\t<img loading=\"lazy\" decoding=\"async\" width=\"727\" height=\"1024\" src=\"https:\/\/www.printxtreme.info\/wp-content\/uploads\/2023\/10\/MGV-2023-1-727x1024.jpg\" class=\"attachment-large size-large wp-image-256\" alt=\"\" srcset=\"https:\/\/www.printxtreme.info\/wp-content\/uploads\/2023\/10\/MGV-2023-1-727x1024.jpg 727w, https:\/\/www.printxtreme.info\/wp-content\/uploads\/2023\/10\/MGV-2023-1-213x300.jpg 213w, https:\/\/www.printxtreme.info\/wp-content\/uploads\/2023\/10\/MGV-2023-1-768x1082.jpg 768w, https:\/\/www.printxtreme.info\/wp-content\/uploads\/2023\/10\/MGV-2023-1.jpg 933w\" sizes=\"(max-width: 727px) 100vw, 727px\" \/>\t\t\t\t\t\t\t\t\t\t\t\t\t<\/div>\n\t\t\t\t<\/div>\n\t\t\t\t<\/div>\n\t\t\t\t\t<\/div>\n\t\t\t\t<\/div>\n\t\t<div class=\"elementor-element elementor-element-f574a5f e-flex e-con-boxed e-con e-parent\" data-id=\"f574a5f\" data-element_type=\"container\">\n\t\t\t\t\t<div class=\"e-con-inner\">\n\t\t\t\t<div class=\"elementor-element elementor-element-d210a19 elementor-widget-divider--separator-type-pattern elementor-widget-divider--no-spacing elementor-widget-divider--view-line elementor-widget elementor-widget-divider\" data-id=\"d210a19\" data-element_type=\"widget\" data-widget_type=\"divider.default\">\n\t\t\t\t<div class=\"elementor-widget-container\">\n\t\t\t\t\t<div class=\"elementor-divider\" style=\"--divider-pattern-url: url(&quot;data:image\/svg+xml,%3Csvg xmlns=&#039;http:\/\/www.w3.org\/2000\/svg&#039; preserveAspectRatio=&#039;none&#039; overflow=&#039;visible&#039; height=&#039;100%&#039; viewBox=&#039;0 0 24 24&#039; fill=&#039;black&#039; stroke=&#039;none&#039;%3E%3Cpath d=&#039;M24,8v12H0V8H24z M24,4v1H0V4H24z&#039;\/%3E%3C\/svg%3E&quot;);\">\n\t\t\t<span class=\"elementor-divider-separator\">\n\t\t\t\t\t\t<\/span>\n\t\t<\/div>\n\t\t\t\t<\/div>\n\t\t\t\t<\/div>\n\t\t\t\t\t<\/div>\n\t\t\t\t<\/div>\n\t\t\t\t<\/div>\n\t\t","protected":false},"excerpt":{"rendered":"<p>Drucken Sie Mehr als nur Worte \u2013 Drucken Sie Statements mit Printxtreme! \u00a0 Eintauchen in eine Welt, wo Ihre Botschaften, Slogans und Bilder kraftvoll in Szene gesetzt werden! Printxtreme ist Ihr Spezialist f\u00fcr Plakatdesign und -druck, der jede Idee in ein visuelles Spektakel verwandelt. Ihre Vision + Unsere Expertise = Un\u00fcbersehbare Plakate Einzigartige Designs, geschaffen [&hellip;]<\/p>\n","protected":false},"author":1,"featured_media":0,"parent":0,"menu_order":0,"comment_status":"closed","ping_status":"closed","template":"","meta":{"ocean_post_layout":"full-width","ocean_both_sidebars_style":"","ocean_both_sidebars_content_width":0,"ocean_both_sidebars_sidebars_width":0,"ocean_sidebar":"","ocean_second_sidebar":"","ocean_disable_margins":"on","ocean_add_body_class":"","ocean_shortcode_before_top_bar":"","ocean_shortcode_after_top_bar":"","ocean_shortcode_before_header":"","ocean_shortcode_after_header":"","ocean_has_shortcode":"","ocean_shortcode_after_title":"","ocean_shortcode_before_footer_widgets":"","ocean_shortcode_after_footer_widgets":"","ocean_shortcode_before_footer_bottom":"","ocean_shortcode_after_footer_bottom":"","ocean_display_top_bar":"off","ocean_display_header":"off","ocean_header_style":"","ocean_center_header_left_menu":"","ocean_custom_header_template":"","ocean_custom_logo":0,"ocean_custom_retina_logo":0,"ocean_custom_logo_max_width":0,"ocean_custom_logo_tablet_max_width":0,"ocean_custom_logo_mobile_max_width":0,"ocean_custom_logo_max_height":0,"ocean_custom_logo_tablet_max_height":0,"ocean_custom_logo_mobile_max_height":0,"ocean_header_custom_menu":"","ocean_menu_typo_font_family":"","ocean_menu_typo_font_subset":"","ocean_menu_typo_font_size":0,"ocean_menu_typo_font_size_tablet":0,"ocean_menu_typo_font_size_mobile":0,"ocean_menu_typo_font_size_unit":"px","ocean_menu_typo_font_weight":"","ocean_menu_typo_font_weight_tablet":"","ocean_menu_typo_font_weight_mobile":"","ocean_menu_typo_transform":"","ocean_menu_typo_transform_tablet":"","ocean_menu_typo_transform_mobile":"","ocean_menu_typo_line_height":0,"ocean_menu_typo_line_height_tablet":0,"ocean_menu_typo_line_height_mobile":0,"ocean_menu_typo_line_height_unit":"","ocean_menu_typo_spacing":0,"ocean_menu_typo_spacing_tablet":0,"ocean_menu_typo_spacing_mobile":0,"ocean_menu_typo_spacing_unit":"","ocean_menu_link_color":"","ocean_menu_link_color_hover":"","ocean_menu_link_color_active":"","ocean_menu_link_background":"","ocean_menu_link_hover_background":"","ocean_menu_link_active_background":"","ocean_menu_social_links_bg":"","ocean_menu_social_hover_links_bg":"","ocean_menu_social_links_color":"","ocean_menu_social_hover_links_color":"","ocean_disable_title":"on","ocean_disable_heading":"default","ocean_post_title":"","ocean_post_subheading":"","ocean_post_title_style":"","ocean_post_title_background_color":"","ocean_post_title_background":0,"ocean_post_title_bg_image_position":"","ocean_post_title_bg_image_attachment":"","ocean_post_title_bg_image_repeat":"","ocean_post_title_bg_image_size":"","ocean_post_title_height":0,"ocean_post_title_bg_overlay":0.5,"ocean_post_title_bg_overlay_color":"","ocean_disable_breadcrumbs":"default","ocean_breadcrumbs_color":"","ocean_breadcrumbs_separator_color":"","ocean_breadcrumbs_links_color":"","ocean_breadcrumbs_links_hover_color":"","ocean_display_footer_widgets":"default","ocean_display_footer_bottom":"default","ocean_custom_footer_template":"","footnotes":""},"_links":{"self":[{"href":"https:\/\/www.printxtreme.info\/index.php?rest_route=\/wp\/v2\/pages\/236"}],"collection":[{"href":"https:\/\/www.printxtreme.info\/index.php?rest_route=\/wp\/v2\/pages"}],"about":[{"href":"https:\/\/www.printxtreme.info\/index.php?rest_route=\/wp\/v2\/types\/page"}],"author":[{"embeddable":true,"href":"https:\/\/www.printxtreme.info\/index.php?rest_route=\/wp\/v2\/users\/1"}],"replies":[{"embeddable":true,"href":"https:\/\/www.printxtreme.info\/index.php?rest_route=%2Fwp%2Fv2%2Fcomments&post=236"}],"version-history":[{"count":14,"href":"https:\/\/www.printxtreme.info\/index.php?rest_route=\/wp\/v2\/pages\/236\/revisions"}],"predecessor-version":[{"id":282,"href":"https:\/\/www.printxtreme.info\/index.php?rest_route=\/wp\/v2\/pages\/236\/revisions\/282"}],"wp:attachment":[{"href":"https:\/\/www.printxtreme.info\/index.php?rest_route=%2Fwp%2Fv2%2Fmedia&parent=236"}],"curies":[{"name":"wp","href":"https:\/\/api.w.org\/{rel}","templated":true}]}}