{"id":147,"date":"2023-10-09T07:15:54","date_gmt":"2023-10-09T07:15:54","guid":{"rendered":"http:\/\/printxtreme.online\/?page_id=147"},"modified":"2023-10-09T07:19:19","modified_gmt":"2023-10-09T07:19:19","slug":"geschaeftsbedingungen","status":"publish","type":"page","link":"https:\/\/www.printxtreme.info\/?page_id=147","title":{"rendered":"Gesch\u00e4ftsbedingungen"},"content":{"rendered":"\t\t<div data-elementor-type=\"wp-page\" data-elementor-id=\"147\" class=\"elementor elementor-147\" data-elementor-post-type=\"page\">\n\t\t\t\t<div class=\"elementor-element elementor-element-5c7f90c e-flex e-con-boxed e-con e-parent\" data-id=\"5c7f90c\" data-element_type=\"container\">\n\t\t\t\t\t<div class=\"e-con-inner\">\n\t\t\t\t<div class=\"elementor-element elementor-element-b121617 elementor-widget elementor-widget-image\" data-id=\"b121617\" data-element_type=\"widget\" data-widget_type=\"image.default\">\n\t\t\t\t<div class=\"elementor-widget-container\">\n\t\t\t\t\t\t\t\t\t\t\t\t\t<img fetchpriority=\"high\" decoding=\"async\" width=\"1024\" height=\"401\" src=\"https:\/\/www.printxtreme.info\/wp-content\/uploads\/2023\/10\/Startlogo-1024x401.png\" class=\"attachment-large size-large wp-image-33\" alt=\"\" srcset=\"https:\/\/www.printxtreme.info\/wp-content\/uploads\/2023\/10\/Startlogo-1024x401.png 1024w, https:\/\/www.printxtreme.info\/wp-content\/uploads\/2023\/10\/Startlogo-300x118.png 300w, https:\/\/www.printxtreme.info\/wp-content\/uploads\/2023\/10\/Startlogo-768x301.png 768w, https:\/\/www.printxtreme.info\/wp-content\/uploads\/2023\/10\/Startlogo-1536x602.png 1536w, https:\/\/www.printxtreme.info\/wp-content\/uploads\/2023\/10\/Startlogo.png 1829w\" sizes=\"(max-width: 1024px) 100vw, 1024px\" \/>\t\t\t\t\t\t\t\t\t\t\t\t\t<\/div>\n\t\t\t\t<\/div>\n\t\t\t\t<div class=\"elementor-element elementor-element-2644f3b elementor-nav-menu__align-center elementor-nav-menu--dropdown-tablet elementor-nav-menu__text-align-aside elementor-nav-menu--toggle elementor-nav-menu--burger elementor-widget elementor-widget-nav-menu\" data-id=\"2644f3b\" data-element_type=\"widget\" data-settings=\"{&quot;layout&quot;:&quot;horizontal&quot;,&quot;submenu_icon&quot;:{&quot;value&quot;:&quot;&lt;i class=\\&quot;fas fa-caret-down\\&quot;&gt;&lt;\\\/i&gt;&quot;,&quot;library&quot;:&quot;fa-solid&quot;},&quot;toggle&quot;:&quot;burger&quot;}\" data-widget_type=\"nav-menu.default\">\n\t\t\t\t<div class=\"elementor-widget-container\">\n\t\t\t\t\t\t<nav aria-label=\"Men\u00fc\" class=\"elementor-nav-menu--main elementor-nav-menu__container elementor-nav-menu--layout-horizontal e--pointer-underline e--animation-fade\">\n\t\t\t\t<ul id=\"menu-1-2644f3b\" class=\"elementor-nav-menu\"><li class=\"menu-item menu-item-type-post_type menu-item-object-page menu-item-home menu-item-48\"><a href=\"https:\/\/www.printxtreme.info\/\" class=\"elementor-item\"><img decoding=\"async\" width=\"18\" height=\"21\" src=\"https:\/\/www.printxtreme.info\/wp-content\/uploads\/2023\/10\/Element-3.ico.png\" class=\"icon before _image\" alt=\"\" aria-hidden=\"true\" \/><span class=\"menu-text\">Home<\/span><\/a><\/li>\n<li class=\"menu-item menu-item-type-post_type menu-item-object-page menu-item-100\"><a href=\"https:\/\/www.printxtreme.info\/?page_id=60\" class=\"elementor-item\"><img decoding=\"async\" width=\"21\" height=\"19\" src=\"https:\/\/www.printxtreme.info\/wp-content\/uploads\/2023\/10\/Element-4.png\" class=\"icon before _image\" alt=\"\" aria-hidden=\"true\" \/><span class=\"menu-text\">\u00dcber Mich<\/span><\/a><\/li>\n<li class=\"menu-item menu-item-type-post_type menu-item-object-page menu-item-47\"><a href=\"https:\/\/www.printxtreme.info\/?page_id=38\" class=\"elementor-item\"><img loading=\"lazy\" decoding=\"async\" width=\"21\" height=\"19\" src=\"https:\/\/www.printxtreme.info\/wp-content\/uploads\/2023\/10\/Element-5.png\" class=\"icon before _image\" alt=\"\" aria-hidden=\"true\" \/><span class=\"menu-text\">Kontakt<\/span><\/a><\/li>\n<li class=\"menu-item menu-item-type-post_type menu-item-object-page menu-item-has-children menu-item-116\"><a href=\"https:\/\/www.printxtreme.info\/?page_id=108\" class=\"elementor-item\"><img loading=\"lazy\" decoding=\"async\" width=\"19\" height=\"21\" src=\"https:\/\/www.printxtreme.info\/wp-content\/uploads\/2023\/10\/Element-6.png\" class=\"icon before _image\" alt=\"\" aria-hidden=\"true\" style=\"vertical-align:sub;\" \/><span class=\"menu-text\">Produkte<\/span><\/a>\n<ul class=\"sub-menu elementor-nav-menu--dropdown\">\n\t<li class=\"menu-item menu-item-type-post_type menu-item-object-page menu-item-260\"><a href=\"https:\/\/www.printxtreme.info\/?page_id=236\" class=\"elementor-sub-item\">Plakate<\/a><\/li>\n\t<li class=\"menu-item menu-item-type-post_type menu-item-object-page menu-item-276\"><a href=\"https:\/\/www.printxtreme.info\/?page_id=261\" class=\"elementor-sub-item\">Flyer<\/a><\/li>\n\t<li class=\"menu-item menu-item-type-post_type menu-item-object-page menu-item-235\"><a href=\"https:\/\/www.printxtreme.info\/?page_id=196\" class=\"elementor-sub-item\">Poloshirts<\/a><\/li>\n\t<li class=\"menu-item menu-item-type-post_type menu-item-object-page menu-item-293\"><a href=\"https:\/\/www.printxtreme.info\/?page_id=278\" class=\"elementor-sub-item\">Karikaturen<\/a><\/li>\n<\/ul>\n<\/li>\n<\/ul>\t\t\t<\/nav>\n\t\t\t\t\t<div class=\"elementor-menu-toggle\" role=\"button\" tabindex=\"0\" aria-label=\"Menu Toggle\" aria-expanded=\"false\">\n\t\t\t<i aria-hidden=\"true\" role=\"presentation\" class=\"elementor-menu-toggle__icon--open eicon-menu-bar\"><\/i><i aria-hidden=\"true\" role=\"presentation\" class=\"elementor-menu-toggle__icon--close eicon-close\"><\/i>\t\t\t<span class=\"elementor-screen-only\">Men\u00fc<\/span>\n\t\t<\/div>\n\t\t\t\t\t<nav class=\"elementor-nav-menu--dropdown elementor-nav-menu__container\" aria-hidden=\"true\">\n\t\t\t\t<ul id=\"menu-2-2644f3b\" class=\"elementor-nav-menu\"><li class=\"menu-item menu-item-type-post_type menu-item-object-page menu-item-home menu-item-48\"><a href=\"https:\/\/www.printxtreme.info\/\" class=\"elementor-item\" tabindex=\"-1\"><img decoding=\"async\" width=\"18\" height=\"21\" src=\"https:\/\/www.printxtreme.info\/wp-content\/uploads\/2023\/10\/Element-3.ico.png\" class=\"icon before _image\" alt=\"\" aria-hidden=\"true\" \/><span class=\"menu-text\">Home<\/span><\/a><\/li>\n<li class=\"menu-item menu-item-type-post_type menu-item-object-page menu-item-100\"><a href=\"https:\/\/www.printxtreme.info\/?page_id=60\" class=\"elementor-item\" tabindex=\"-1\"><img decoding=\"async\" width=\"21\" height=\"19\" src=\"https:\/\/www.printxtreme.info\/wp-content\/uploads\/2023\/10\/Element-4.png\" class=\"icon before _image\" alt=\"\" aria-hidden=\"true\" \/><span class=\"menu-text\">\u00dcber Mich<\/span><\/a><\/li>\n<li class=\"menu-item menu-item-type-post_type menu-item-object-page menu-item-47\"><a href=\"https:\/\/www.printxtreme.info\/?page_id=38\" class=\"elementor-item\" tabindex=\"-1\"><img loading=\"lazy\" decoding=\"async\" width=\"21\" height=\"19\" src=\"https:\/\/www.printxtreme.info\/wp-content\/uploads\/2023\/10\/Element-5.png\" class=\"icon before _image\" alt=\"\" aria-hidden=\"true\" \/><span class=\"menu-text\">Kontakt<\/span><\/a><\/li>\n<li class=\"menu-item menu-item-type-post_type menu-item-object-page menu-item-has-children menu-item-116\"><a href=\"https:\/\/www.printxtreme.info\/?page_id=108\" class=\"elementor-item\" tabindex=\"-1\"><img loading=\"lazy\" decoding=\"async\" width=\"19\" height=\"21\" src=\"https:\/\/www.printxtreme.info\/wp-content\/uploads\/2023\/10\/Element-6.png\" class=\"icon before _image\" alt=\"\" aria-hidden=\"true\" style=\"vertical-align:sub;\" \/><span class=\"menu-text\">Produkte<\/span><\/a>\n<ul class=\"sub-menu elementor-nav-menu--dropdown\">\n\t<li class=\"menu-item menu-item-type-post_type menu-item-object-page menu-item-260\"><a href=\"https:\/\/www.printxtreme.info\/?page_id=236\" class=\"elementor-sub-item\" tabindex=\"-1\">Plakate<\/a><\/li>\n\t<li class=\"menu-item menu-item-type-post_type menu-item-object-page menu-item-276\"><a href=\"https:\/\/www.printxtreme.info\/?page_id=261\" class=\"elementor-sub-item\" tabindex=\"-1\">Flyer<\/a><\/li>\n\t<li class=\"menu-item menu-item-type-post_type menu-item-object-page menu-item-235\"><a href=\"https:\/\/www.printxtreme.info\/?page_id=196\" class=\"elementor-sub-item\" tabindex=\"-1\">Poloshirts<\/a><\/li>\n\t<li class=\"menu-item menu-item-type-post_type menu-item-object-page menu-item-293\"><a href=\"https:\/\/www.printxtreme.info\/?page_id=278\" class=\"elementor-sub-item\" tabindex=\"-1\">Karikaturen<\/a><\/li>\n<\/ul>\n<\/li>\n<\/ul>\t\t\t<\/nav>\n\t\t\t\t<\/div>\n\t\t\t\t<\/div>\n\t\t\t\t\t<\/div>\n\t\t\t\t<\/div>\n\t\t<div class=\"elementor-element elementor-element-d096cf5 e-con-full e-flex e-con e-parent\" data-id=\"d096cf5\" data-element_type=\"container\">\n\t\t\t\t<div class=\"elementor-element elementor-element-94a77e3 elementor-widget elementor-widget-text-editor\" data-id=\"94a77e3\" data-element_type=\"widget\" data-widget_type=\"text-editor.default\">\n\t\t\t\t<div class=\"elementor-widget-container\">\n\t\t\t\t\t\t\t<p><strong>Allgemeine Gesch\u00e4ftsbedingungen (AGB)<\/strong><\/p><p><strong>Printshop von Guido Milzarek<\/strong><\/p><p>Dreschgasse 26, 41569 Rommerskirchen<\/p><p><strong>\u00a71 Geltungsbereich<\/strong><\/p><p>Diese Allgemeinen Gesch\u00e4ftsbedingungen gelten f\u00fcr alle Gesch\u00e4ftsbeziehungen zwischen dem Printshop von Guido Milzarek und dem Kunden in der zum Zeitpunkt der Bestellung g\u00fcltigen Fassung.<\/p><p><strong>\u00a72 Vertragsschluss<\/strong><\/p><p>(1) Die Pr\u00e4sentation der Produkte im Online-Shop stellt kein bindendes Angebot dar.<\/p><p>(2) Mit der Bestellung erkl\u00e4rt der Kunde verbindlich sein Vertragsangebot.<\/p><p>(3) Wir werden den Zugang Ihrer Bestellung unverz\u00fcglich best\u00e4tigen.<\/p><p>(4) Ein Vertrag kommt erst mit unserer Auftragsbest\u00e4tigung oder Lieferung der Waren zustande.<\/p><p><strong>\u00a73 Preise und Zahlung<\/strong><\/p><p>(1) Unsere Preise schlie\u00dfen die gesetzliche Umsatzsteuer ein, verstehen sich jedoch zuz\u00fcglich Versandkosten.<\/p><p>(2) Der Kaufpreis ist sofort nach Vertragsschluss f\u00e4llig und kann per Vorkasse oder, wenn angeboten, per Rechnung bezahlt werden.<\/p><p><strong>\u00a74 Lieferung<\/strong><\/p><p>(1) Sofern nicht anders vereinbart, erfolgt die Lieferung an die vom Kunden angegebene Adresse.<\/p><p>(2) Angaben zu Lieferfristen sind unverbindlich, es sei denn, es wurde ausdr\u00fccklich etwas anderes vereinbart.<\/p><p><strong>\u00a75 Gew\u00e4hrleistung<\/strong><\/p><p>Die Gew\u00e4hrleistung erfolgt nach den gesetzlichen Bestimmungen.<\/p><p><strong>\u00a76 Eigentumsvorbehalt<\/strong><\/p><p>Bis zur vollst\u00e4ndigen Bezahlung bleibt die Ware unser Eigentum.<\/p><p><strong>\u00a77 Datenschutz<\/strong><\/p><p>Informationen zur Erhebung, Verarbeitung und Nutzung personenbezogener Daten finden Sie in unserer Datenschutzerkl\u00e4rung.<\/p><p><strong>\u00a78 Schlussbestimmungen<\/strong><\/p><p>(1) Es gilt das Recht der Bundesrepublik Deutschland.<\/p><p>(2) Sollten einzelne Bestimmungen dieses Vertrages unwirksam sein, so wird dadurch der Vertrag im \u00dcbrigen nicht ber\u00fchrt.<\/p>\t\t\t\t\t\t<\/div>\n\t\t\t\t<\/div>\n\t\t\t\t<\/div>\n\t\t\t\t<\/div>\n\t\t","protected":false},"excerpt":{"rendered":"<p>Allgemeine Gesch\u00e4ftsbedingungen (AGB) Printshop von Guido Milzarek Dreschgasse 26, 41569 Rommerskirchen \u00a71 Geltungsbereich Diese Allgemeinen Gesch\u00e4ftsbedingungen gelten f\u00fcr alle Gesch\u00e4ftsbeziehungen zwischen dem Printshop von Guido Milzarek und dem Kunden in der zum Zeitpunkt der Bestellung g\u00fcltigen Fassung. \u00a72 Vertragsschluss (1) Die Pr\u00e4sentation der Produkte im Online-Shop stellt kein bindendes Angebot dar. (2) Mit der Bestellung [&hellip;]<\/p>\n","protected":false},"author":1,"featured_media":0,"parent":0,"menu_order":0,"comment_status":"closed","ping_status":"closed","template":"","meta":{"ocean_post_layout":"full-width","ocean_both_sidebars_style":"","ocean_both_sidebars_content_width":0,"ocean_both_sidebars_sidebars_width":0,"ocean_sidebar":"","ocean_second_sidebar":"","ocean_disable_margins":"on","ocean_add_body_class":"","ocean_shortcode_before_top_bar":"","ocean_shortcode_after_top_bar":"","ocean_shortcode_before_header":"","ocean_shortcode_after_header":"","ocean_has_shortcode":"","ocean_shortcode_after_title":"","ocean_shortcode_before_footer_widgets":"","ocean_shortcode_after_footer_widgets":"","ocean_shortcode_before_footer_bottom":"","ocean_shortcode_after_footer_bottom":"","ocean_display_top_bar":"off","ocean_display_header":"off","ocean_header_style":"","ocean_center_header_left_menu":"","ocean_custom_header_template":"","ocean_custom_logo":0,"ocean_custom_retina_logo":0,"ocean_custom_logo_max_width":0,"ocean_custom_logo_tablet_max_width":0,"ocean_custom_logo_mobile_max_width":0,"ocean_custom_logo_max_height":0,"ocean_custom_logo_tablet_max_height":0,"ocean_custom_logo_mobile_max_height":0,"ocean_header_custom_menu":"","ocean_menu_typo_font_family":"","ocean_menu_typo_font_subset":"","ocean_menu_typo_font_size":0,"ocean_menu_typo_font_size_tablet":0,"ocean_menu_typo_font_size_mobile":0,"ocean_menu_typo_font_size_unit":"px","ocean_menu_typo_font_weight":"","ocean_menu_typo_font_weight_tablet":"","ocean_menu_typo_font_weight_mobile":"","ocean_menu_typo_transform":"","ocean_menu_typo_transform_tablet":"","ocean_menu_typo_transform_mobile":"","ocean_menu_typo_line_height":0,"ocean_menu_typo_line_height_tablet":0,"ocean_menu_typo_line_height_mobile":0,"ocean_menu_typo_line_height_unit":"","ocean_menu_typo_spacing":0,"ocean_menu_typo_spacing_tablet":0,"ocean_menu_typo_spacing_mobile":0,"ocean_menu_typo_spacing_unit":"","ocean_menu_link_color":"","ocean_menu_link_color_hover":"","ocean_menu_link_color_active":"","ocean_menu_link_background":"","ocean_menu_link_hover_background":"","ocean_menu_link_active_background":"","ocean_menu_social_links_bg":"","ocean_menu_social_hover_links_bg":"","ocean_menu_social_links_color":"","ocean_menu_social_hover_links_color":"","ocean_disable_title":"on","ocean_disable_heading":"default","ocean_post_title":"","ocean_post_subheading":"","ocean_post_title_style":"","ocean_post_title_background_color":"","ocean_post_title_background":0,"ocean_post_title_bg_image_position":"","ocean_post_title_bg_image_attachment":"","ocean_post_title_bg_image_repeat":"","ocean_post_title_bg_image_size":"","ocean_post_title_height":0,"ocean_post_title_bg_overlay":0.5,"ocean_post_title_bg_overlay_color":"","ocean_disable_breadcrumbs":"default","ocean_breadcrumbs_color":"","ocean_breadcrumbs_separator_color":"","ocean_breadcrumbs_links_color":"","ocean_breadcrumbs_links_hover_color":"","ocean_display_footer_widgets":"default","ocean_display_footer_bottom":"default","ocean_custom_footer_template":"","footnotes":""},"_links":{"self":[{"href":"https:\/\/www.printxtreme.info\/index.php?rest_route=\/wp\/v2\/pages\/147"}],"collection":[{"href":"https:\/\/www.printxtreme.info\/index.php?rest_route=\/wp\/v2\/pages"}],"about":[{"href":"https:\/\/www.printxtreme.info\/index.php?rest_route=\/wp\/v2\/types\/page"}],"author":[{"embeddable":true,"href":"https:\/\/www.printxtreme.info\/index.php?rest_route=\/wp\/v2\/users\/1"}],"replies":[{"embeddable":true,"href":"https:\/\/www.printxtreme.info\/index.php?rest_route=%2Fwp%2Fv2%2Fcomments&post=147"}],"version-history":[{"count":4,"href":"https:\/\/www.printxtreme.info\/index.php?rest_route=\/wp\/v2\/pages\/147\/revisions"}],"predecessor-version":[{"id":152,"href":"https:\/\/www.printxtreme.info\/index.php?rest_route=\/wp\/v2\/pages\/147\/revisions\/152"}],"wp:attachment":[{"href":"https:\/\/www.printxtreme.info\/index.php?rest_route=%2Fwp%2Fv2%2Fmedia&parent=147"}],"curies":[{"name":"wp","href":"https:\/\/api.w.org\/{rel}","templated":true}]}}