{"id":138,"date":"2023-10-09T06:56:59","date_gmt":"2023-10-09T06:56:59","guid":{"rendered":"http:\/\/printxtreme.online\/?page_id=138"},"modified":"2023-10-09T07:13:33","modified_gmt":"2023-10-09T07:13:33","slug":"datenschutzerklaerung","status":"publish","type":"page","link":"https:\/\/www.printxtreme.info\/?page_id=138","title":{"rendered":"Datenschutzerkl\u00e4rung"},"content":{"rendered":"\t\t<div data-elementor-type=\"wp-page\" data-elementor-id=\"138\" class=\"elementor elementor-138\" data-elementor-post-type=\"page\">\n\t\t\t\t<div class=\"elementor-element elementor-element-8475984 e-flex e-con-boxed e-con e-parent\" data-id=\"8475984\" data-element_type=\"container\">\n\t\t\t\t\t<div class=\"e-con-inner\">\n\t\t\t\t<div class=\"elementor-element elementor-element-d86317b elementor-widget elementor-widget-image\" data-id=\"d86317b\" data-element_type=\"widget\" data-widget_type=\"image.default\">\n\t\t\t\t<div class=\"elementor-widget-container\">\n\t\t\t\t\t\t\t\t\t\t\t\t\t<img fetchpriority=\"high\" decoding=\"async\" width=\"1024\" height=\"401\" src=\"https:\/\/www.printxtreme.info\/wp-content\/uploads\/2023\/10\/Startlogo-1024x401.png\" class=\"attachment-large size-large wp-image-33\" alt=\"\" srcset=\"https:\/\/www.printxtreme.info\/wp-content\/uploads\/2023\/10\/Startlogo-1024x401.png 1024w, https:\/\/www.printxtreme.info\/wp-content\/uploads\/2023\/10\/Startlogo-300x118.png 300w, https:\/\/www.printxtreme.info\/wp-content\/uploads\/2023\/10\/Startlogo-768x301.png 768w, https:\/\/www.printxtreme.info\/wp-content\/uploads\/2023\/10\/Startlogo-1536x602.png 1536w, https:\/\/www.printxtreme.info\/wp-content\/uploads\/2023\/10\/Startlogo.png 1829w\" sizes=\"(max-width: 1024px) 100vw, 1024px\" \/>\t\t\t\t\t\t\t\t\t\t\t\t\t<\/div>\n\t\t\t\t<\/div>\n\t\t\t\t<div class=\"elementor-element elementor-element-0e0ba19 elementor-nav-menu__align-center elementor-nav-menu--dropdown-tablet elementor-nav-menu__text-align-aside elementor-nav-menu--toggle elementor-nav-menu--burger elementor-widget elementor-widget-nav-menu\" data-id=\"0e0ba19\" data-element_type=\"widget\" data-settings=\"{&quot;layout&quot;:&quot;horizontal&quot;,&quot;submenu_icon&quot;:{&quot;value&quot;:&quot;&lt;i class=\\&quot;fas fa-caret-down\\&quot;&gt;&lt;\\\/i&gt;&quot;,&quot;library&quot;:&quot;fa-solid&quot;},&quot;toggle&quot;:&quot;burger&quot;}\" data-widget_type=\"nav-menu.default\">\n\t\t\t\t<div class=\"elementor-widget-container\">\n\t\t\t\t\t\t<nav aria-label=\"Men\u00fc\" class=\"elementor-nav-menu--main elementor-nav-menu__container elementor-nav-menu--layout-horizontal e--pointer-underline e--animation-fade\">\n\t\t\t\t<ul id=\"menu-1-0e0ba19\" class=\"elementor-nav-menu\"><li class=\"menu-item menu-item-type-post_type menu-item-object-page menu-item-home menu-item-48\"><a href=\"https:\/\/www.printxtreme.info\/\" class=\"elementor-item\"><img decoding=\"async\" width=\"18\" height=\"21\" src=\"https:\/\/www.printxtreme.info\/wp-content\/uploads\/2023\/10\/Element-3.ico.png\" class=\"icon before _image\" alt=\"\" aria-hidden=\"true\" \/><span class=\"menu-text\">Home<\/span><\/a><\/li>\n<li class=\"menu-item menu-item-type-post_type menu-item-object-page menu-item-100\"><a href=\"https:\/\/www.printxtreme.info\/?page_id=60\" class=\"elementor-item\"><img decoding=\"async\" width=\"21\" height=\"19\" src=\"https:\/\/www.printxtreme.info\/wp-content\/uploads\/2023\/10\/Element-4.png\" class=\"icon before _image\" alt=\"\" aria-hidden=\"true\" \/><span class=\"menu-text\">\u00dcber Mich<\/span><\/a><\/li>\n<li class=\"menu-item menu-item-type-post_type menu-item-object-page menu-item-47\"><a href=\"https:\/\/www.printxtreme.info\/?page_id=38\" class=\"elementor-item\"><img loading=\"lazy\" decoding=\"async\" width=\"21\" height=\"19\" src=\"https:\/\/www.printxtreme.info\/wp-content\/uploads\/2023\/10\/Element-5.png\" class=\"icon before _image\" alt=\"\" aria-hidden=\"true\" \/><span class=\"menu-text\">Kontakt<\/span><\/a><\/li>\n<li class=\"menu-item menu-item-type-post_type menu-item-object-page menu-item-has-children menu-item-116\"><a href=\"https:\/\/www.printxtreme.info\/?page_id=108\" class=\"elementor-item\"><img loading=\"lazy\" decoding=\"async\" width=\"19\" height=\"21\" src=\"https:\/\/www.printxtreme.info\/wp-content\/uploads\/2023\/10\/Element-6.png\" class=\"icon before _image\" alt=\"\" aria-hidden=\"true\" style=\"vertical-align:sub;\" \/><span class=\"menu-text\">Produkte<\/span><\/a>\n<ul class=\"sub-menu elementor-nav-menu--dropdown\">\n\t<li class=\"menu-item menu-item-type-post_type menu-item-object-page menu-item-260\"><a href=\"https:\/\/www.printxtreme.info\/?page_id=236\" class=\"elementor-sub-item\">Plakate<\/a><\/li>\n\t<li class=\"menu-item menu-item-type-post_type menu-item-object-page menu-item-276\"><a href=\"https:\/\/www.printxtreme.info\/?page_id=261\" class=\"elementor-sub-item\">Flyer<\/a><\/li>\n\t<li class=\"menu-item menu-item-type-post_type menu-item-object-page menu-item-235\"><a href=\"https:\/\/www.printxtreme.info\/?page_id=196\" class=\"elementor-sub-item\">Poloshirts<\/a><\/li>\n\t<li class=\"menu-item menu-item-type-post_type menu-item-object-page menu-item-293\"><a href=\"https:\/\/www.printxtreme.info\/?page_id=278\" class=\"elementor-sub-item\">Karikaturen<\/a><\/li>\n<\/ul>\n<\/li>\n<\/ul>\t\t\t<\/nav>\n\t\t\t\t\t<div class=\"elementor-menu-toggle\" role=\"button\" tabindex=\"0\" aria-label=\"Menu Toggle\" aria-expanded=\"false\">\n\t\t\t<i aria-hidden=\"true\" role=\"presentation\" class=\"elementor-menu-toggle__icon--open eicon-menu-bar\"><\/i><i aria-hidden=\"true\" role=\"presentation\" class=\"elementor-menu-toggle__icon--close eicon-close\"><\/i>\t\t\t<span class=\"elementor-screen-only\">Men\u00fc<\/span>\n\t\t<\/div>\n\t\t\t\t\t<nav class=\"elementor-nav-menu--dropdown elementor-nav-menu__container\" aria-hidden=\"true\">\n\t\t\t\t<ul id=\"menu-2-0e0ba19\" class=\"elementor-nav-menu\"><li class=\"menu-item menu-item-type-post_type menu-item-object-page menu-item-home menu-item-48\"><a href=\"https:\/\/www.printxtreme.info\/\" class=\"elementor-item\" tabindex=\"-1\"><img decoding=\"async\" width=\"18\" height=\"21\" src=\"https:\/\/www.printxtreme.info\/wp-content\/uploads\/2023\/10\/Element-3.ico.png\" class=\"icon before _image\" alt=\"\" aria-hidden=\"true\" \/><span class=\"menu-text\">Home<\/span><\/a><\/li>\n<li class=\"menu-item menu-item-type-post_type menu-item-object-page menu-item-100\"><a href=\"https:\/\/www.printxtreme.info\/?page_id=60\" class=\"elementor-item\" tabindex=\"-1\"><img decoding=\"async\" width=\"21\" height=\"19\" src=\"https:\/\/www.printxtreme.info\/wp-content\/uploads\/2023\/10\/Element-4.png\" class=\"icon before _image\" alt=\"\" aria-hidden=\"true\" \/><span class=\"menu-text\">\u00dcber Mich<\/span><\/a><\/li>\n<li class=\"menu-item menu-item-type-post_type menu-item-object-page menu-item-47\"><a href=\"https:\/\/www.printxtreme.info\/?page_id=38\" class=\"elementor-item\" tabindex=\"-1\"><img loading=\"lazy\" decoding=\"async\" width=\"21\" height=\"19\" src=\"https:\/\/www.printxtreme.info\/wp-content\/uploads\/2023\/10\/Element-5.png\" class=\"icon before _image\" alt=\"\" aria-hidden=\"true\" \/><span class=\"menu-text\">Kontakt<\/span><\/a><\/li>\n<li class=\"menu-item menu-item-type-post_type menu-item-object-page menu-item-has-children menu-item-116\"><a href=\"https:\/\/www.printxtreme.info\/?page_id=108\" class=\"elementor-item\" tabindex=\"-1\"><img loading=\"lazy\" decoding=\"async\" width=\"19\" height=\"21\" src=\"https:\/\/www.printxtreme.info\/wp-content\/uploads\/2023\/10\/Element-6.png\" class=\"icon before _image\" alt=\"\" aria-hidden=\"true\" style=\"vertical-align:sub;\" \/><span class=\"menu-text\">Produkte<\/span><\/a>\n<ul class=\"sub-menu elementor-nav-menu--dropdown\">\n\t<li class=\"menu-item menu-item-type-post_type menu-item-object-page menu-item-260\"><a href=\"https:\/\/www.printxtreme.info\/?page_id=236\" class=\"elementor-sub-item\" tabindex=\"-1\">Plakate<\/a><\/li>\n\t<li class=\"menu-item menu-item-type-post_type menu-item-object-page menu-item-276\"><a href=\"https:\/\/www.printxtreme.info\/?page_id=261\" class=\"elementor-sub-item\" tabindex=\"-1\">Flyer<\/a><\/li>\n\t<li class=\"menu-item menu-item-type-post_type menu-item-object-page menu-item-235\"><a href=\"https:\/\/www.printxtreme.info\/?page_id=196\" class=\"elementor-sub-item\" tabindex=\"-1\">Poloshirts<\/a><\/li>\n\t<li class=\"menu-item menu-item-type-post_type menu-item-object-page menu-item-293\"><a href=\"https:\/\/www.printxtreme.info\/?page_id=278\" class=\"elementor-sub-item\" tabindex=\"-1\">Karikaturen<\/a><\/li>\n<\/ul>\n<\/li>\n<\/ul>\t\t\t<\/nav>\n\t\t\t\t<\/div>\n\t\t\t\t<\/div>\n\t\t\t\t\t<\/div>\n\t\t\t\t<\/div>\n\t\t<div class=\"elementor-element elementor-element-48ad7ab e-con-full e-flex e-con e-parent\" data-id=\"48ad7ab\" data-element_type=\"container\">\n\t\t\t\t<div class=\"elementor-element elementor-element-ed31d3a elementor-widget elementor-widget-text-editor\" data-id=\"ed31d3a\" data-element_type=\"widget\" data-widget_type=\"text-editor.default\">\n\t\t\t\t<div class=\"elementor-widget-container\">\n\t\t\t\t\t\t\t<p><strong>Datenschutzerkl\u00e4rung<\/strong><\/p><p><strong>Printshop von Guido Milzarek<\/strong><\/p><p>Dreschgasse 26, 41569 Rommerskirchen<\/p><p><strong>1. Datenschutz auf einen Blick<\/strong><\/p><p>Die nachfolgenden Hinweise geben einen einfachen \u00dcberblick dar\u00fcber, was mit Ihren personenbezogenen Daten passiert, wenn Sie unsere Website besuchen. Personenbezogene Daten sind alle Daten, mit denen Sie pers\u00f6nlich identifiziert werden k\u00f6nnen.<\/p><p><strong>2. Datenerfassung auf unserer Website<\/strong><\/p><p>Wer ist verantwortlich f\u00fcr die Datenerfassung auf dieser Website?<\/p><p>Die Datenverarbeitung auf dieser Website erfolgt durch den Websitebetreiber. Dessen Kontaktdaten k\u00f6nnen Sie dem Impressum dieser Website entnehmen.<\/p><p><strong>3. Wie erfassen wir Ihre Daten?<\/strong><\/p><p>Ihre Daten werden zum einen dadurch erhoben, dass Sie uns diese mitteilen. Hierbei kann es sich z.B. um Daten handeln, die Sie in ein Kontaktformular eingeben.<\/p><p>Andere Daten werden automatisch beim Besuch der Website durch unsere IT-Systeme erfasst. Das sind vor allem technische Daten (z.B. Internetbrowser, Betriebssystem oder Uhrzeit des Seitenaufrufs). Die Erfassung dieser Daten erfolgt automatisch, sobald Sie unsere Website betreten.<\/p><p><strong>4. Wof\u00fcr nutzen wir Ihre Daten?<\/strong><\/p><p>Ein Teil der Daten wird erhoben, um eine fehlerfreie Bereitstellung der Website zu gew\u00e4hrleisten. Andere Daten k\u00f6nnen zur Analyse Ihres Nutzerverhaltens verwendet werden.<\/p><p><strong>5. Welche Rechte haben Sie bez\u00fcglich Ihrer Daten?<\/strong><\/p><p>Sie haben jederzeit das Recht, unentgeltlich Auskunft \u00fcber Herkunft, Empf\u00e4nger und Zweck Ihrer gespeicherten personenbezogenen Daten zu erhalten. Sie haben au\u00dferdem ein Recht, die Berichtigung, Sperrung oder L\u00f6schung dieser Daten zu verlangen. Hierzu sowie zu weiteren Fragen zum Thema Datenschutz k\u00f6nnen Sie sich jederzeit unter der im Impressum angegebenen Adresse an uns wenden.<\/p><p><strong>6. Analyse-Tools und Tools von Drittanbietern<\/strong><\/p><p>Beim Besuch unserer Website kann Ihr Surf-Verhalten statistisch ausgewertet werden. Das geschieht vor allem mit Cookies und mit sogenannten Analyseprogrammen.<\/p><p><strong>7. SSL- bzw. TLS-Verschl\u00fcsselung<\/strong><\/p><p>Diese Seite nutzt aus Sicherheitsgr\u00fcnden und zum Schutz der \u00dcbertragung vertraulicher Inhalte, wie zum Beispiel Bestellungen oder Anfragen, die Sie an uns als Seitenbetreiber senden, eine SSL- bzw. TLS-Verschl\u00fcsselung.<\/p><p><strong>8. Cookies<\/strong><\/p><p>Die Internetseiten verwenden teilweise so genannte Cookies. Cookies richten auf Ihrem Rechner keinen Schaden an und enthalten keine Viren. Cookies dienen dazu, unser Angebot nutzerfreundlicher, effektiver und sicherer zu machen.<\/p><hr \/><p>Dieses Beispiel dient lediglich als Ausgangspunkt und ist nicht als endg\u00fcltige Datenschutzerkl\u00e4rung zu verwenden. Bitte beachten Sie, dass dies nicht alle erforderlichen Informationen abdeckt und m\u00f6glicherweise nicht den aktuellen gesetzlichen Anforderungen entspricht. Ziehen Sie unbedingt eine professionelle Rechtsberatung hinzu, um sicherzustellen, dass Ihre Datenschutzerkl\u00e4rung gesetzeskonform ist.<\/p>\t\t\t\t\t\t<\/div>\n\t\t\t\t<\/div>\n\t\t\t\t<\/div>\n\t\t\t\t<\/div>\n\t\t","protected":false},"excerpt":{"rendered":"<p>Datenschutzerkl\u00e4rung Printshop von Guido Milzarek Dreschgasse 26, 41569 Rommerskirchen 1. Datenschutz auf einen Blick Die nachfolgenden Hinweise geben einen einfachen \u00dcberblick dar\u00fcber, was mit Ihren personenbezogenen Daten passiert, wenn Sie unsere Website besuchen. Personenbezogene Daten sind alle Daten, mit denen Sie pers\u00f6nlich identifiziert werden k\u00f6nnen. 2. Datenerfassung auf unserer Website Wer ist verantwortlich f\u00fcr die [&hellip;]<\/p>\n","protected":false},"author":1,"featured_media":0,"parent":0,"menu_order":0,"comment_status":"closed","ping_status":"closed","template":"","meta":{"ocean_post_layout":"full-width","ocean_both_sidebars_style":"","ocean_both_sidebars_content_width":0,"ocean_both_sidebars_sidebars_width":0,"ocean_sidebar":"","ocean_second_sidebar":"","ocean_disable_margins":"on","ocean_add_body_class":"","ocean_shortcode_before_top_bar":"","ocean_shortcode_after_top_bar":"","ocean_shortcode_before_header":"","ocean_shortcode_after_header":"","ocean_has_shortcode":"","ocean_shortcode_after_title":"","ocean_shortcode_before_footer_widgets":"","ocean_shortcode_after_footer_widgets":"","ocean_shortcode_before_footer_bottom":"","ocean_shortcode_after_footer_bottom":"","ocean_display_top_bar":"off","ocean_display_header":"off","ocean_header_style":"","ocean_center_header_left_menu":"","ocean_custom_header_template":"","ocean_custom_logo":33,"ocean_custom_retina_logo":0,"ocean_custom_logo_max_width":0,"ocean_custom_logo_tablet_max_width":0,"ocean_custom_logo_mobile_max_width":0,"ocean_custom_logo_max_height":0,"ocean_custom_logo_tablet_max_height":0,"ocean_custom_logo_mobile_max_height":0,"ocean_header_custom_menu":"","ocean_menu_typo_font_family":"","ocean_menu_typo_font_subset":"","ocean_menu_typo_font_size":0,"ocean_menu_typo_font_size_tablet":0,"ocean_menu_typo_font_size_mobile":0,"ocean_menu_typo_font_size_unit":"px","ocean_menu_typo_font_weight":"","ocean_menu_typo_font_weight_tablet":"","ocean_menu_typo_font_weight_mobile":"","ocean_menu_typo_transform":"","ocean_menu_typo_transform_tablet":"","ocean_menu_typo_transform_mobile":"","ocean_menu_typo_line_height":0,"ocean_menu_typo_line_height_tablet":0,"ocean_menu_typo_line_height_mobile":0,"ocean_menu_typo_line_height_unit":"","ocean_menu_typo_spacing":0,"ocean_menu_typo_spacing_tablet":0,"ocean_menu_typo_spacing_mobile":0,"ocean_menu_typo_spacing_unit":"","ocean_menu_link_color":"","ocean_menu_link_color_hover":"","ocean_menu_link_color_active":"","ocean_menu_link_background":"","ocean_menu_link_hover_background":"","ocean_menu_link_active_background":"","ocean_menu_social_links_bg":"","ocean_menu_social_hover_links_bg":"","ocean_menu_social_links_color":"","ocean_menu_social_hover_links_color":"","ocean_disable_title":"on","ocean_disable_heading":"default","ocean_post_title":"","ocean_post_subheading":"","ocean_post_title_style":"","ocean_post_title_background_color":"","ocean_post_title_background":0,"ocean_post_title_bg_image_position":"","ocean_post_title_bg_image_attachment":"","ocean_post_title_bg_image_repeat":"","ocean_post_title_bg_image_size":"","ocean_post_title_height":0,"ocean_post_title_bg_overlay":0.5,"ocean_post_title_bg_overlay_color":"","ocean_disable_breadcrumbs":"default","ocean_breadcrumbs_color":"","ocean_breadcrumbs_separator_color":"","ocean_breadcrumbs_links_color":"","ocean_breadcrumbs_links_hover_color":"","ocean_display_footer_widgets":"default","ocean_display_footer_bottom":"default","ocean_custom_footer_template":"","footnotes":""},"_links":{"self":[{"href":"https:\/\/www.printxtreme.info\/index.php?rest_route=\/wp\/v2\/pages\/138"}],"collection":[{"href":"https:\/\/www.printxtreme.info\/index.php?rest_route=\/wp\/v2\/pages"}],"about":[{"href":"https:\/\/www.printxtreme.info\/index.php?rest_route=\/wp\/v2\/types\/page"}],"author":[{"embeddable":true,"href":"https:\/\/www.printxtreme.info\/index.php?rest_route=\/wp\/v2\/users\/1"}],"replies":[{"embeddable":true,"href":"https:\/\/www.printxtreme.info\/index.php?rest_route=%2Fwp%2Fv2%2Fcomments&post=138"}],"version-history":[{"count":7,"href":"https:\/\/www.printxtreme.info\/index.php?rest_route=\/wp\/v2\/pages\/138\/revisions"}],"predecessor-version":[{"id":146,"href":"https:\/\/www.printxtreme.info\/index.php?rest_route=\/wp\/v2\/pages\/138\/revisions\/146"}],"wp:attachment":[{"href":"https:\/\/www.printxtreme.info\/index.php?rest_route=%2Fwp%2Fv2%2Fmedia&parent=138"}],"curies":[{"name":"wp","href":"https:\/\/api.w.org\/{rel}","templated":true}]}}